{"id":165,"date":"2022-01-25T09:07:47","date_gmt":"2022-01-25T08:07:47","guid":{"rendered":"https:\/\/puertasdetierra.cadiz.es\/?page_id=165"},"modified":"2022-01-25T11:23:22","modified_gmt":"2022-01-25T10:23:22","slug":"edad-media","status":"publish","type":"page","link":"https:\/\/puertasdetierra.cadiz.es\/index.php\/edad-media\/","title":{"rendered":"Edad Media"},"content":{"rendered":"<p>[et_pb_section fb_built=&#8221;1&#8243; fullwidth=&#8221;on&#8221; _builder_version=&#8221;4.6.6&#8243; background_color=&#8221;#704500&#8243; background_color_gradient_direction=&#8221;330deg&#8221;][et_pb_fullwidth_image src=&#8221;https:\/\/puertasdetierra.cadiz.es\/wp-content\/uploads\/2022\/01\/edad-media-logo.png&#8221; title_text=&#8221;edad media logo&#8221; _builder_version=&#8221;4.6.6&#8243; _module_preset=&#8221;default&#8221;][\/et_pb_fullwidth_image][et_pb_fullwidth_header title=&#8221;Edad Media&#8221; content_max_width=&#8221;none&#8221; _builder_version=&#8221;4.6.6&#8243; background_color=&#8221;rgba(255, 255, 255, 0)&#8221; button_one_text_size__hover_enabled=&#8221;off&#8221; button_two_text_size__hover_enabled=&#8221;off&#8221; button_one_text_color__hover_enabled=&#8221;off&#8221; button_two_text_color__hover_enabled=&#8221;off&#8221; button_one_border_width__hover_enabled=&#8221;off&#8221; button_two_border_width__hover_enabled=&#8221;off&#8221; button_one_border_color__hover_enabled=&#8221;off&#8221; button_two_border_color__hover_enabled=&#8221;off&#8221; button_one_border_radius__hover_enabled=&#8221;off&#8221; button_two_border_radius__hover_enabled=&#8221;off&#8221; button_one_letter_spacing__hover_enabled=&#8221;off&#8221; button_two_letter_spacing__hover_enabled=&#8221;off&#8221; button_one_bg_color__hover_enabled=&#8221;off&#8221; button_two_bg_color__hover_enabled=&#8221;off&#8221;][\/et_pb_fullwidth_header][\/et_pb_section][et_pb_section fb_built=&#8221;1&#8243; _builder_version=&#8221;3.22&#8243; custom_padding=&#8221;||0px|||&#8221;][et_pb_row _builder_version=&#8221;4.6.6&#8243; _module_preset=&#8221;default&#8221;][et_pb_column type=&#8221;4_4&#8243; _builder_version=&#8221;4.6.6&#8243; _module_preset=&#8221;default&#8221;][et_pb_menu _builder_version=&#8221;4.6.6&#8243; _module_preset=&#8221;default&#8221;][\/et_pb_menu][\/et_pb_column][\/et_pb_row][et_pb_row column_structure=&#8221;1_3,1_3,1_3&#8243; _builder_version=&#8221;4.6.6&#8243; _module_preset=&#8221;default&#8221;][et_pb_column type=&#8221;1_3&#8243; _builder_version=&#8221;4.6.6&#8243; _module_preset=&#8221;default&#8221;][et_pb_blurb title=&#8221;Patrimonio militar&#8221; image=&#8221;https:\/\/puertasdetierra.cadiz.es\/wp-content\/uploads\/2022\/01\/icon-military.png&#8221; image_max_width=&#8221;45%&#8221; _builder_version=&#8221;4.6.6&#8243; _module_preset=&#8221;default&#8221; header_level=&#8221;h2&#8243; header_text_align=&#8221;center&#8221; body_text_align=&#8221;center&#8221; body_font_size=&#8221;16px&#8221; text_orientation=&#8221;center&#8221;]<\/p>\n<p style=\"text-align: center;\">Con la llegada de los musulmanes en el s.VIII se reinicia la urbanizaci\u00f3n de la ciudad y se construye una primera muralla que luego ser\u00e1 reutilizada con una fortificaci\u00f3n cristiana.\u00a0<\/p>\n<p>[\/et_pb_blurb][\/et_pb_column][et_pb_column type=&#8221;1_3&#8243; _builder_version=&#8221;4.6.6&#8243; _module_preset=&#8221;default&#8221;][et_pb_blurb title=&#8221;Patrimonio mar\u00edtimo&#8221; image=&#8221;https:\/\/puertasdetierra.cadiz.es\/wp-content\/uploads\/2022\/01\/icon-barco.png&#8221; image_max_width=&#8221;35%&#8221; _builder_version=&#8221;4.6.6&#8243; _module_preset=&#8221;default&#8221; header_level=&#8221;h2&#8243; header_text_align=&#8221;center&#8221; body_text_align=&#8221;center&#8221; body_font_size=&#8221;16px&#8221; text_orientation=&#8221;center&#8221; custom_padding=&#8221;||0px|||&#8221;]<\/p>\n<p style=\"text-align: center;\">Musulmanes y cristianos fueron conscientes de la importancia estrat\u00e9gica del puerto de C\u00e1diz para el control del Mediterr\u00e1neo y del paso por el estrecho de Gibraltar.<\/p>\n<p>[\/et_pb_blurb][\/et_pb_column][et_pb_column type=&#8221;1_3&#8243; _builder_version=&#8221;4.6.6&#8243; _module_preset=&#8221;default&#8221;][et_pb_blurb title=&#8221;Patrimonio industrial&#8221; image=&#8221;https:\/\/puertasdetierra.cadiz.es\/wp-content\/uploads\/2022\/01\/icon-industrial.png&#8221; image_max_width=&#8221;52%&#8221; _builder_version=&#8221;4.6.6&#8243; _module_preset=&#8221;default&#8221; header_level=&#8221;h2&#8243; header_text_align=&#8221;center&#8221; body_text_align=&#8221;center&#8221; body_font_size=&#8221;16px&#8221; text_orientation=&#8221;center&#8221;]<\/p>\n<p style=\"text-align: center;\">Durante la Edad Media, el puerto desarroll\u00f3 una industrial naval en las atarazanas y un incipiente comercio local de peque\u00f1as tiendas en los l\u00edmites del arrabal de Santa Mar\u00eda.<\/p>\n<p>[\/et_pb_blurb][\/et_pb_column][\/et_pb_row][\/et_pb_section][et_pb_section fb_built=&#8221;1&#8243; _builder_version=&#8221;3.22&#8243; custom_padding=&#8221;0px||0px|||&#8221;][et_pb_row _builder_version=&#8221;3.25&#8243; background_size=&#8221;initial&#8221; background_position=&#8221;top_left&#8221; background_repeat=&#8221;repeat&#8221;][et_pb_column type=&#8221;4_4&#8243; _builder_version=&#8221;3.25&#8243; custom_padding=&#8221;|||&#8221; custom_padding__hover=&#8221;|||&#8221;][et_pb_image src=&#8221;https:\/\/puertasdetierra.cadiz.es\/wp-content\/uploads\/2022\/01\/planoEM.png&#8221; title_text=&#8221;planoEM&#8221; force_fullwidth=&#8221;on&#8221; _builder_version=&#8221;4.6.6&#8243; _module_preset=&#8221;default&#8221;][\/et_pb_image][\/et_pb_column][\/et_pb_row][\/et_pb_section][et_pb_section fb_built=&#8221;1&#8243; _builder_version=&#8221;3.22&#8243; custom_padding=&#8221;0px|||||&#8221;][et_pb_row _builder_version=&#8221;3.25&#8243; background_size=&#8221;initial&#8221; background_position=&#8221;top_left&#8221; background_repeat=&#8221;repeat&#8221;][et_pb_column type=&#8221;4_4&#8243; _builder_version=&#8221;3.25&#8243; custom_padding=&#8221;|||&#8221; custom_padding__hover=&#8221;|||&#8221;][et_pb_text _builder_version=&#8221;4.6.6&#8243; background_size=&#8221;initial&#8221; background_position=&#8221;top_left&#8221; background_repeat=&#8221;repeat&#8221; text_orientation=&#8221;center&#8221; module_alignment=&#8221;center&#8221; hover_enabled=&#8221;0&#8243; sticky_enabled=&#8221;0&#8243;]<\/p>\n<h1>De la ocupaci\u00f3n musulmana a la conquista cristiana<\/h1>\n<p>[\/et_pb_text][\/et_pb_column][\/et_pb_row][et_pb_row _builder_version=&#8221;4.6.6&#8243; _module_preset=&#8221;default&#8221;][et_pb_column type=&#8221;4_4&#8243; _builder_version=&#8221;4.6.6&#8243; _module_preset=&#8221;default&#8221;][et_pb_text _builder_version=&#8221;4.6.6&#8243; _module_preset=&#8221;default&#8221;]<\/p>\n<p><img decoding=\"async\" loading=\"lazy\" src=\"https:\/\/puertasdetierra.cadiz.es\/wp-content\/uploads\/2022\/01\/edadmedia1-300x193.png\" width=\"300\" height=\"193\" alt=\"\" class=\"wp-image-144 alignnone size-medium\" style=\"display: block; margin-left: auto; margin-right: auto;\" \/><\/p>\n<p>Desde el siglo IV d.C. la ciudad de C\u00e1diz se vio enmarcada en una clara desurbanizaci\u00f3n contextualizada en un proceso de crisis econ\u00f3mica y social.<\/p>\n<p>A partir del \ufb01nal de la Edad Antigua podemos hablar de un cambio en la actividad econ\u00f3mica que gira hacia un modelo de explotaci\u00f3n rural, trayendo \u00e9ste como consecuencia un movimiento de la poblaci\u00f3n hacia la zona de interior y adem\u00e1s provocando numerosos cambios en lo que se re\ufb01ere a la red viaria y mar\u00edtima con la b\u00fasqueda de otros puntos geogr\u00e1\ufb01camente mejor situados que la ciudad de C\u00e1diz para dar salida a los productos.<\/p>\n<p>Aunque es cierto que en estos primeros momentos de la Edad Media la propia ciudad sufriese esas caracter\u00edsticas, la situaci\u00f3n cambi\u00f3 a lo largo del periodo hist\u00f3rico que oscila entre los siglos V y XV d.C., repercutiendo en una nueva fase de urbanizaci\u00f3n que sentar\u00e1 las bases del posterior crecimiento urbano.<\/p>\n<p style=\"text-align: center;\"><img decoding=\"async\" loading=\"lazy\" src=\"https:\/\/puertasdetierra.cadiz.es\/wp-content\/uploads\/2022\/01\/edadmedia3-300x200.png\" width=\"300\" height=\"200\" alt=\"\" class=\"wp-image-142 alignnone size-medium\" \/><\/p>\n<p>No ser\u00e1 hasta la llegada de los musulmanes a la Pen\u00ednsula Ib\u00e9rica en el a\u00f1o 711 cuando se pueda volver a hablar de un nuevo proceso de urbanizaci\u00f3n.<\/p>\n<p>La conquista musulmana de la ciudad de C\u00e1diz, renombrada ahora como Yazirat Qadis, repercuti\u00f3 en un nuevo modelo urbano que, tal como constatan los \u00faltimos hallazgos arqueol\u00f3gicos, sigui\u00f3 las l\u00edneas caracter\u00edsticas de urbanizaci\u00f3n propias de su cultura aunque con algunas particularidades que posteriormente quedar\u00e1n se\u00f1aladas.<\/p>\n<p>Los primeros indicadores en el inicio del proceso de formaci\u00f3n de la nueva ciudad nos lo aportan las fuentes escritas que hablan de la existencia de una peque\u00f1a torre levantada sobre los cimientos del antiguo teatro romano, lo que le otorgaba cierta elevaci\u00f3n sobre el terreno y cuya funci\u00f3n ser\u00eda la de una torre de vigilancia. Esta torre, llamada torre Al &#8211; Malab y traducida como torre del teatro, se debe entender como el punto de partida hacia la formaci\u00f3n de la nueva ciudad hispanomusulmana de Yazirat Qadis.<\/p>\n<p>La ubicaci\u00f3n de esta torre y su posterior forti\ufb01caci\u00f3n marc\u00f3 el trazado de la cerca musulmana en torno al actual barrio de El P\u00f3pulo, una zona elegida al ser un punto estrat\u00e9gico por encontrase aqu\u00ed los restos del antiguo teatro romano que sirvieron de cimentaci\u00f3n a las construcciones sarracenas as\u00ed como una altura superior sobre la cota elevada del terreno circundante y por su situaci\u00f3n respecto al mar que proporcionaba el<\/p>\n<p>control sobre la bah\u00eda y la defensa natural que proporcionaba el acantilado orientado hacia el sur.<\/p>\n<p>La existencia de la torre Al-Malab solo es conocida por las fuentes escritas pues a d\u00eda de hoy no se han hallado evidencias materiales de \u00e9sta aunque es de suponer que a partir de su construcci\u00f3n se empez\u00f3 a forjar la forti\ufb01caci\u00f3n hispanomusulmana que, seg\u00fan los datos aportados por la arqueolog\u00eda, se situar\u00eda cronol\u00f3gicamente en el siglo XI d.C. coincidiendo con el periodo de ocupaci\u00f3n almor\u00e1vide en la Pen\u00ednsula Ib\u00e9rica.<\/p>\n<p><span style=\"font-size: 14px;\"><img decoding=\"async\" loading=\"lazy\" src=\"https:\/\/puertasdetierra.cadiz.es\/wp-content\/uploads\/2022\/01\/edadmedia4-218x300.png\" width=\"218\" height=\"300\" alt=\"\" class=\"wp-image-141 alignnone size-medium\" style=\"display: block; margin-left: auto; margin-right: auto;\" \/><\/span><\/p>\n<p>Sobre la villa de C\u00e1diz en \u00e9poca medieval cristiana s\u00ed que disponemos de una mayor informaci\u00f3n gracias a las investigaciones recientes. Como ejemplo de ello se ha de contar con la monograf\u00eda sobre el Castillo de la Villa que Rosario Fresnadillo realiz\u00f3 en 1989 donde plantea las hip\u00f3tesis sobre el desarrollo de la misma a partir de estudios documentales y evidencias materiales de super\ufb01cie antes de las primeras intervenciones arqueol\u00f3gicas en el barrio de El P\u00f3pulo.<\/p>\n<p>Afortunadamente a d\u00eda de hoy C\u00e1diz cuenta con algunos hallazgos arqueol\u00f3gicos importantes que han permitido aportar nuevos datos con los que ampliar los conocimientos sobre el desarrollo de la fortaleza. Y aunque es cierto que las evidencias materiales sean bastante moderadas s\u00ed parecen dejar clara la existencia de un considerable espacio de ocupaci\u00f3n anterior a la llegada de los cristianos.<\/p>\n<p>En el a\u00f1o 1262 los cristianos conquistaron la ciudad de C\u00e1diz dirigidos por Alfonso X &#8220;El Sabio&#8221; lo que trajo consigo la restauraci\u00f3n de la cerca musulmana. Este hecho hace pensar que el recorrido de la forti\ufb01caci\u00f3n cristiana actualmente conservado no tuvo que distar mucho de la cerca hispanomusulmana pues hubo un reaprovechamiento estas estructuras ya existentes para modi\ufb01car y ampliar la villa en funci\u00f3n de sus necesidades.<\/p>\n<p>A partir de estos momentos se puede describir la villa cristiana bajo una forma cuadrangular que se pone de mani\ufb01esto a trav\u00e9s del trazado marcado por la calle y plaza de San Juan de Dios, la calle Pelota y la plaza de la Catedral. Una fortaleza que, al igual que la primera, estar\u00eda conformada por tres lienzos de murallas con tres accesos o puertas, el Arco de los Blancos, abierto al frente de tierra; el Arco de El P\u00f3pulo o Puerta del Mar, abierto al mar; y el Arco de La Rosa, abierto al arrabal de Santiago a partir del siglo XVI.<\/p>\n<p style=\"text-align: center;\"><img decoding=\"async\" loading=\"lazy\" src=\"https:\/\/puertasdetierra.cadiz.es\/wp-content\/uploads\/2022\/01\/edadmedia5-300x233.png\" width=\"300\" height=\"233\" alt=\"\" class=\"wp-image-140 alignnone size-medium\" \/><\/p>\n<p>Como segundo reducto defensivo se encontrar\u00eda el llamado Castillo de la Villa, ubicado en lo m\u00e1s alto del \u201cmonturrio\u201d y del que tan solo quedan sus cimientos bajo en actual edi\ufb01cio de la guarder\u00eda municipal. Cabe destacar tambi\u00e9n la existencia de la Torre Albarrana, es decir, una prolongaci\u00f3n del lienzo de muralla del frente de tierra que actu\u00f3 a modo de protecci\u00f3n y vigilancia.<\/p>\n<p>Entre \ufb01nales del siglo XV y comienzos del XVI la villa acab\u00f3 por dise\u00f1arse en su totalidad sal- vo algunas casas palaciegas y otros edi\ufb01cios que se anexionaron al exterior de la muralla de cara al puerto se\u00f1alando ya el futuro del esplendor econ\u00f3mico de la ciudad y su relaci\u00f3n con el mar.<\/p>\n<p>[\/et_pb_text][\/et_pb_column][\/et_pb_row][\/et_pb_section][et_pb_section fb_built=&#8221;1&#8243; inner_shadow=&#8221;on&#8221; _builder_version=&#8221;3.22&#8243; background_color=&#8221;#2ea3f2&#8243; use_background_color_gradient=&#8221;on&#8221; background_color_gradient_start=&#8221;#2ea3f2&#8243; background_color_gradient_end=&#8221;#2e6df4&#8243; background_color_gradient_direction=&#8221;330deg&#8221;][et_pb_row _builder_version=&#8221;3.25&#8243; background_size=&#8221;initial&#8221; background_position=&#8221;top_left&#8221; background_repeat=&#8221;repeat&#8221;][et_pb_column type=&#8221;4_4&#8243; _builder_version=&#8221;3.25&#8243; custom_padding=&#8221;|||&#8221; custom_padding__hover=&#8221;|||&#8221;][et_pb_cta title=&#8221;Evoluci\u00f3n de la ciudad de C\u00e1diz a trav\u00e9s de su patrimonio militar, mar\u00edtimo e industrial (MMI)&#8221; button_url=&#8221;#&#8221; _builder_version=&#8221;4.6.6&#8243; use_background_color=&#8221;off&#8221; background_size=&#8221;initial&#8221; background_position=&#8221;top_left&#8221; background_repeat=&#8221;repeat&#8221; button_text_size__hover_enabled=&#8221;off&#8221; button_one_text_size__hover_enabled=&#8221;off&#8221; button_two_text_size__hover_enabled=&#8221;off&#8221; button_text_color__hover_enabled=&#8221;off&#8221; button_one_text_color__hover_enabled=&#8221;off&#8221; button_two_text_color__hover_enabled=&#8221;off&#8221; button_border_width__hover_enabled=&#8221;off&#8221; button_one_border_width__hover_enabled=&#8221;off&#8221; button_two_border_width__hover_enabled=&#8221;off&#8221; button_border_color__hover_enabled=&#8221;off&#8221; button_one_border_color__hover_enabled=&#8221;off&#8221; button_two_border_color__hover_enabled=&#8221;off&#8221; button_border_radius__hover_enabled=&#8221;off&#8221; button_one_border_radius__hover_enabled=&#8221;off&#8221; button_two_border_radius__hover_enabled=&#8221;off&#8221; button_letter_spacing__hover_enabled=&#8221;off&#8221; button_one_letter_spacing__hover_enabled=&#8221;off&#8221; button_two_letter_spacing__hover_enabled=&#8221;off&#8221; button_bg_color__hover_enabled=&#8221;off&#8221; button_one_bg_color__hover_enabled=&#8221;off&#8221; button_two_bg_color__hover_enabled=&#8221;off&#8221;]<\/p>\n<p>&nbsp;<\/p>\n<p><img decoding=\"async\" loading=\"lazy\" src=\"https:\/\/puertasdetierra.cadiz.es\/wp-content\/uploads\/2022\/01\/base-300x52.png\" width=\"300\" height=\"52\" alt=\"\" class=\"wp-image-73 alignnone size-medium\" \/><\/p>\n<p>[\/et_pb_cta][\/et_pb_column][\/et_pb_row][\/et_pb_section]<\/p>\n","protected":false},"excerpt":{"rendered":"<p>[et_pb_section fb_built=&#8221;1&#8243; fullwidth=&#8221;on&#8221; _builder_version=&#8221;4.6.6&#8243; background_color=&#8221;#704500&#8243; background_color_gradient_direction=&#8221;330deg&#8221;][et_pb_fullwidth_image src=&#8221;https:\/\/puertasdetierra.cadiz.es\/wp-content\/uploads\/2022\/01\/edad-media-logo.png&#8221; title_text=&#8221;edad media logo&#8221; _builder_version=&#8221;4.6.6&#8243; _module_preset=&#8221;default&#8221;][\/et_pb_fullwidth_image][et_pb_fullwidth_header title=&#8221;Edad Media&#8221; content_max_width=&#8221;none&#8221; _builder_version=&#8221;4.6.6&#8243; background_color=&#8221;rgba(255, 255, 255, 0)&#8221; button_one_text_size__hover_enabled=&#8221;off&#8221; button_two_text_size__hover_enabled=&#8221;off&#8221; button_one_text_color__hover_enabled=&#8221;off&#8221; button_two_text_color__hover_enabled=&#8221;off&#8221; button_one_border_width__hover_enabled=&#8221;off&#8221; button_two_border_width__hover_enabled=&#8221;off&#8221; button_one_border_color__hover_enabled=&#8221;off&#8221; button_two_border_color__hover_enabled=&#8221;off&#8221; button_one_border_radius__hover_enabled=&#8221;off&#8221; button_two_border_radius__hover_enabled=&#8221;off&#8221; button_one_letter_spacing__hover_enabled=&#8221;off&#8221; button_two_letter_spacing__hover_enabled=&#8221;off&#8221; button_one_bg_color__hover_enabled=&#8221;off&#8221; button_two_bg_color__hover_enabled=&#8221;off&#8221;][\/et_pb_fullwidth_header][\/et_pb_section][et_pb_section fb_built=&#8221;1&#8243; _builder_version=&#8221;3.22&#8243; custom_padding=&#8221;||0px|||&#8221;][et_pb_row _builder_version=&#8221;4.6.6&#8243; _module_preset=&#8221;default&#8221;][et_pb_column type=&#8221;4_4&#8243; _builder_version=&#8221;4.6.6&#8243; _module_preset=&#8221;default&#8221;][et_pb_menu _builder_version=&#8221;4.6.6&#8243; _module_preset=&#8221;default&#8221;][\/et_pb_menu][\/et_pb_column][\/et_pb_row][et_pb_row column_structure=&#8221;1_3,1_3,1_3&#8243; _builder_version=&#8221;4.6.6&#8243; _module_preset=&#8221;default&#8221;][et_pb_column type=&#8221;1_3&#8243; _builder_version=&#8221;4.6.6&#8243; _module_preset=&#8221;default&#8221;][et_pb_blurb title=&#8221;Patrimonio militar&#8221; image=&#8221;https:\/\/puertasdetierra.cadiz.es\/wp-content\/uploads\/2022\/01\/icon-military.png&#8221; image_max_width=&#8221;45%&#8221; _builder_version=&#8221;4.6.6&#8243; [&hellip;]<\/p>\n","protected":false},"author":1,"featured_media":0,"parent":0,"menu_order":0,"comment_status":"closed","ping_status":"closed","template":"page-template-blank.php","meta":{"_et_pb_use_builder":"on","_et_pb_old_content":"","_et_gb_content_width":""},"_links":{"self":[{"href":"https:\/\/puertasdetierra.cadiz.es\/index.php\/wp-json\/wp\/v2\/pages\/165"}],"collection":[{"href":"https:\/\/puertasdetierra.cadiz.es\/index.php\/wp-json\/wp\/v2\/pages"}],"about":[{"href":"https:\/\/puertasdetierra.cadiz.es\/index.php\/wp-json\/wp\/v2\/types\/page"}],"author":[{"embeddable":true,"href":"https:\/\/puertasdetierra.cadiz.es\/index.php\/wp-json\/wp\/v2\/users\/1"}],"replies":[{"embeddable":true,"href":"https:\/\/puertasdetierra.cadiz.es\/index.php\/wp-json\/wp\/v2\/comments?post=165"}],"version-history":[{"count":4,"href":"https:\/\/puertasdetierra.cadiz.es\/index.php\/wp-json\/wp\/v2\/pages\/165\/revisions"}],"predecessor-version":[{"id":200,"href":"https:\/\/puertasdetierra.cadiz.es\/index.php\/wp-json\/wp\/v2\/pages\/165\/revisions\/200"}],"wp:attachment":[{"href":"https:\/\/puertasdetierra.cadiz.es\/index.php\/wp-json\/wp\/v2\/media?parent=165"}],"curies":[{"name":"wp","href":"https:\/\/api.w.org\/{rel}","templated":true}]}}