{"id":171,"date":"2022-01-25T09:11:16","date_gmt":"2022-01-25T08:11:16","guid":{"rendered":"https:\/\/puertasdetierra.cadiz.es\/?page_id=171"},"modified":"2022-01-25T11:35:29","modified_gmt":"2022-01-25T10:35:29","slug":"edad-moderna-1","status":"publish","type":"page","link":"https:\/\/puertasdetierra.cadiz.es\/index.php\/edad-moderna-1\/","title":{"rendered":"\u00c9poca Moderna (ss. XVI-XVII)"},"content":{"rendered":"<p>[et_pb_section fb_built=&#8221;1&#8243; fullwidth=&#8221;on&#8221; _builder_version=&#8221;4.6.6&#8243; background_color=&#8221;#db9429&#8243; background_color_gradient_direction=&#8221;330deg&#8221;][et_pb_fullwidth_image src=&#8221;https:\/\/puertasdetierra.cadiz.es\/wp-content\/uploads\/2022\/01\/logomoderna1.png&#8221; title_text=&#8221;logomoderna1&#8243; _builder_version=&#8221;4.6.6&#8243; _module_preset=&#8221;default&#8221;][\/et_pb_fullwidth_image][et_pb_fullwidth_header title=&#8221;\u00c9poca Moderna              (s. XVI-XVII) &#8221; content_max_width=&#8221;none&#8221; _builder_version=&#8221;4.6.6&#8243; background_color=&#8221;rgba(255, 255, 255, 0)&#8221; button_one_text_size__hover_enabled=&#8221;off&#8221; button_two_text_size__hover_enabled=&#8221;off&#8221; button_one_text_color__hover_enabled=&#8221;off&#8221; button_two_text_color__hover_enabled=&#8221;off&#8221; button_one_border_width__hover_enabled=&#8221;off&#8221; button_two_border_width__hover_enabled=&#8221;off&#8221; button_one_border_color__hover_enabled=&#8221;off&#8221; button_two_border_color__hover_enabled=&#8221;off&#8221; button_one_border_radius__hover_enabled=&#8221;off&#8221; button_two_border_radius__hover_enabled=&#8221;off&#8221; button_one_letter_spacing__hover_enabled=&#8221;off&#8221; button_two_letter_spacing__hover_enabled=&#8221;off&#8221; button_one_bg_color__hover_enabled=&#8221;off&#8221; button_two_bg_color__hover_enabled=&#8221;off&#8221;][\/et_pb_fullwidth_header][\/et_pb_section][et_pb_section fb_built=&#8221;1&#8243; _builder_version=&#8221;3.22&#8243; custom_padding=&#8221;||0px|||&#8221;][et_pb_row _builder_version=&#8221;4.6.6&#8243; _module_preset=&#8221;default&#8221;][et_pb_column type=&#8221;4_4&#8243; _builder_version=&#8221;4.6.6&#8243; _module_preset=&#8221;default&#8221;][et_pb_menu _builder_version=&#8221;4.6.6&#8243; _module_preset=&#8221;default&#8221;][\/et_pb_menu][\/et_pb_column][\/et_pb_row][et_pb_row column_structure=&#8221;1_3,1_3,1_3&#8243; _builder_version=&#8221;4.6.6&#8243; _module_preset=&#8221;default&#8221;][et_pb_column type=&#8221;1_3&#8243; _builder_version=&#8221;4.6.6&#8243; _module_preset=&#8221;default&#8221;][et_pb_blurb title=&#8221;Patrimonio militar&#8221; image=&#8221;https:\/\/puertasdetierra.cadiz.es\/wp-content\/uploads\/2022\/01\/icon-military.png&#8221; image_max_width=&#8221;45%&#8221; _builder_version=&#8221;4.6.6&#8243; _module_preset=&#8221;default&#8221; header_level=&#8221;h2&#8243; header_text_align=&#8221;center&#8221; body_text_align=&#8221;center&#8221; body_font_size=&#8221;16px&#8221; text_orientation=&#8221;center&#8221;]<\/p>\n<p style=\"text-align: center;\">La fortificaci\u00f3n de C\u00e1diz se inici\u00f3 con Carlos V, quien promovi\u00f3 los frentes con baluartes, y se fue mejorando y ampliando a lo largo de los siglos XVI y XVII a lo largo de todo su per\u00edmetro.\u00a0<\/p>\n<p>[\/et_pb_blurb][\/et_pb_column][et_pb_column type=&#8221;1_3&#8243; _builder_version=&#8221;4.6.6&#8243; _module_preset=&#8221;default&#8221;][et_pb_blurb title=&#8221;Patrimonio mar\u00edtimo&#8221; image=&#8221;https:\/\/puertasdetierra.cadiz.es\/wp-content\/uploads\/2022\/01\/icon-barco.png&#8221; image_max_width=&#8221;35%&#8221; _builder_version=&#8221;4.6.6&#8243; _module_preset=&#8221;default&#8221; header_level=&#8221;h2&#8243; header_text_align=&#8221;center&#8221; body_text_align=&#8221;center&#8221; body_font_size=&#8221;16px&#8221; text_orientation=&#8221;center&#8221; custom_padding=&#8221;||0px|||&#8221;]<\/p>\n<p style=\"text-align: center;\">Gracias a la seguridad que daba el sistema de defensa de la ciudad y al auge del comercio, se instalaron una serie de familias de cargadores de Indias y se desarroll\u00f3 la &#8220;casa del comerciante&#8221;.<\/p>\n<p>[\/et_pb_blurb][\/et_pb_column][et_pb_column type=&#8221;1_3&#8243; _builder_version=&#8221;4.6.6&#8243; _module_preset=&#8221;default&#8221;][et_pb_blurb title=&#8221;Patrimonio industrial&#8221; image=&#8221;https:\/\/puertasdetierra.cadiz.es\/wp-content\/uploads\/2022\/01\/icon-industrial.png&#8221; image_max_width=&#8221;52%&#8221; _builder_version=&#8221;4.6.6&#8243; _module_preset=&#8221;default&#8221; header_level=&#8221;h2&#8243; header_text_align=&#8221;center&#8221; body_text_align=&#8221;center&#8221; body_font_size=&#8221;16px&#8221; text_orientation=&#8221;center&#8221;]<\/p>\n<p style=\"text-align: center;\">En los siglos XVI y XVII C\u00e1diz contaba con dos almadrabas: San Felipe y Torregorda o Torre de H\u00e9rcules. Tambi\u00e9n tuvieron un importante desarrollo los corrales de pesca, los molinos de marea y las salinas.<\/p>\n<p>[\/et_pb_blurb][\/et_pb_column][\/et_pb_row][\/et_pb_section][et_pb_section fb_built=&#8221;1&#8243; _builder_version=&#8221;3.22&#8243; custom_padding=&#8221;0px||0px|||&#8221;][et_pb_row _builder_version=&#8221;3.25&#8243; background_size=&#8221;initial&#8221; background_position=&#8221;top_left&#8221; background_repeat=&#8221;repeat&#8221;][et_pb_column type=&#8221;4_4&#8243; _builder_version=&#8221;3.25&#8243; custom_padding=&#8221;|||&#8221; custom_padding__hover=&#8221;|||&#8221;][et_pb_image src=&#8221;https:\/\/puertasdetierra.cadiz.es\/wp-content\/uploads\/2022\/01\/planomoderna1.png&#8221; title_text=&#8221;planomoderna1&#8243; force_fullwidth=&#8221;on&#8221; _builder_version=&#8221;4.6.6&#8243; _module_preset=&#8221;default&#8221;][\/et_pb_image][\/et_pb_column][\/et_pb_row][\/et_pb_section][et_pb_section fb_built=&#8221;1&#8243; _builder_version=&#8221;3.22&#8243; custom_padding=&#8221;0px|||||&#8221;][et_pb_row _builder_version=&#8221;3.25&#8243; background_size=&#8221;initial&#8221; background_position=&#8221;top_left&#8221; background_repeat=&#8221;repeat&#8221;][et_pb_column type=&#8221;4_4&#8243; _builder_version=&#8221;3.25&#8243; custom_padding=&#8221;|||&#8221; custom_padding__hover=&#8221;|||&#8221;][et_pb_text _builder_version=&#8221;4.6.6&#8243; background_size=&#8221;initial&#8221; background_position=&#8221;top_left&#8221; background_repeat=&#8221;repeat&#8221; text_orientation=&#8221;center&#8221; module_alignment=&#8221;center&#8221;]<\/p>\n<h1>Un incipiente crecimiento<\/h1>\n<p>[\/et_pb_text][\/et_pb_column][\/et_pb_row][et_pb_row _builder_version=&#8221;4.6.6&#8243; _module_preset=&#8221;default&#8221;][et_pb_column type=&#8221;4_4&#8243; _builder_version=&#8221;4.6.6&#8243; _module_preset=&#8221;default&#8221;][et_pb_text _builder_version=&#8221;4.6.6&#8243; _module_preset=&#8221;default&#8221; content__hover_enabled=&#8221;on|desktop&#8221;]<\/p>\n<p style=\"text-align: center;\"><img decoding=\"async\" loading=\"lazy\" src=\"https:\/\/puertasdetierra.cadiz.es\/wp-content\/uploads\/2022\/01\/moderna1-300x201.png\" width=\"300\" height=\"201\" alt=\"\" class=\"wp-image-138 alignnone size-medium\" \/><\/p>\n<p>En la vista de C\u00e1diz de 1513 contemplamos una panor\u00e1mica del primer entramado urbano de la ciudad. Con una visi\u00f3n lanzada desde el fondo de la Bah\u00eda de C\u00e1diz se puede observar el actual barrio del P\u00f3pulo.<\/p>\n<p>La muralla dota de una visi\u00f3n libre y singular recalcando el car\u00e1cter defensivo de sus edi\ufb01caciones mientras sobresale la Iglesia de Santa Cruz o popularmente conocida como la \u201ccatedral vieja\u201d.<span style=\"font-size: 14px;\">\u00a0<\/span><\/p>\n<p style=\"text-align: center;\"><img decoding=\"async\" loading=\"lazy\" src=\"https:\/\/puertasdetierra.cadiz.es\/wp-content\/uploads\/2022\/01\/moderna2-199x300.png\" width=\"199\" height=\"300\" alt=\"\" class=\"wp-image-137 alignnone size-medium\" \/><\/p>\n<p>Desde principios del siglo XVI se tiene constancia de dos arrabales que se sit\u00faan en las \u00e1reas de extramuros en torno a la iglesia-ermita de Santa Mar\u00eda y la ermita de la Misericordia, constituyendo el punto de partida del urbanismo gaditano en la Edad Moderna y a partir del cual se proyectaron construcciones de h\u00e1bitat que cuando se fusionaron dotaron a la ciudad de un aspecto muy reconocible.<\/p>\n<p>Durante el siglo XVI y sobre todo hasta mediados del siglo XVII las \u00e1reas m\u00e1s urbanizadas fueron las asociadas a las actuales Plaza de San Juan de Dios y alrededores, barrio de Santa Mar\u00eda, la Plaza de la Candelaria y la l\u00ednea paralela al puerto mar\u00edtimo hasta alcanzar un l\u00edmite aproximado a la calle Sagasta, que a su vez sirvi\u00f3 en un primer momento como l\u00edmite urbano del C\u00e1diz moderno.\u00a0<\/p>\n<p>A partir de la segunda mitad del siglo XVII se constat\u00f3 una expansi\u00f3n demogr\u00e1\ufb01ca que conllev\u00f3 un crecimiento urbano hacia el frente del sur, la zona del Campo de la Jara -hoy la Plaza de San Antonio- y especialmente el barrio de la Vi\u00f1a.<\/p>\n<p>Las obras de urbanizaci\u00f3n comenzaron en 1687 sustituy\u00e9ndose progresivamente las \u00e1reas de producci\u00f3n agr\u00edcola y las derivadas de una industria b\u00e1sica por una zona residencial para personas de econom\u00eda modesta. Se construy\u00f3 una capilla (1693) que fue el origen de la actual Iglesia de la Palma.<\/p>\n<p>De esta forma, la ciudad qued\u00f3 de\ufb01nida a \ufb01nales del XVII por dos zonas diferenciadas. Una, de car\u00e1cter popular y m\u00e1s pobre, situada en las partes sur y suroeste, y otra, identi\ufb01cable con la zona rica de la ciudad, morada de comerciantes y de sujetos de buena situaci\u00f3n econ\u00f3mica, en la parte norte y noroeste de la misma, articulada en torno a la Jara, San Francisco y las \u00e1reas pr\u00f3ximas que dan al puerto.<\/p>\n<p style=\"text-align: center;\"><img decoding=\"async\" loading=\"lazy\" src=\"https:\/\/puertasdetierra.cadiz.es\/wp-content\/uploads\/2022\/01\/moderna3-300x278.png\" width=\"300\" height=\"278\" alt=\"\" class=\"wp-image-136 alignnone size-medium\" \/><\/p>\n<p>La \ufb01sonom\u00eda del urbanismo gaditano se relaciona tanto con el comercio ultramarino como con su importancia geoestrat\u00e9gica. Se trataba de un punto muy codiciado por las potencias enemigas de la monarqu\u00eda hisp\u00e1nica que se enfrentaban por participar en el reparto de las riquezas americanas, hecho que qued\u00f3 constatado con el asalto anglo- holand\u00e9s de 1596.\u00a0<\/p>\n<p>El puerto gaditano se convierte en la puerta de entrada y de salida desde Europa hacia el nuevo continente y necesit\u00f3 una atenci\u00f3n primordial por parte de la Corona para proteger el comercio colonial. C\u00e1diz re\u00fane en un espacio urbano las necesidades militares-defensivas de la \u00e9poca y creci\u00f3 al abrigo de las ideas de ingenieros y arquitectos militares que desarrollaron un entramado de lienzos de murallas, baluartes y peque\u00f1os castillos que conformaron un conjunto seguro para sus habitantes y para la actividad comercial.<\/p>\n<p>[\/et_pb_text][\/et_pb_column][\/et_pb_row][\/et_pb_section][et_pb_section fb_built=&#8221;1&#8243; inner_shadow=&#8221;on&#8221; _builder_version=&#8221;3.22&#8243; background_color=&#8221;#2ea3f2&#8243; use_background_color_gradient=&#8221;on&#8221; background_color_gradient_start=&#8221;#2ea3f2&#8243; background_color_gradient_end=&#8221;#2e6df4&#8243; background_color_gradient_direction=&#8221;330deg&#8221;][et_pb_row _builder_version=&#8221;3.25&#8243; background_size=&#8221;initial&#8221; background_position=&#8221;top_left&#8221; background_repeat=&#8221;repeat&#8221;][et_pb_column type=&#8221;4_4&#8243; _builder_version=&#8221;3.25&#8243; custom_padding=&#8221;|||&#8221; custom_padding__hover=&#8221;|||&#8221;][et_pb_cta title=&#8221;Evoluci\u00f3n de la ciudad de C\u00e1diz a trav\u00e9s de su patrimonio militar, mar\u00edtimo e industrial (MMI)&#8221; button_url=&#8221;#&#8221; _builder_version=&#8221;4.6.6&#8243; use_background_color=&#8221;off&#8221; background_size=&#8221;initial&#8221; background_position=&#8221;top_left&#8221; background_repeat=&#8221;repeat&#8221; button_text_size__hover_enabled=&#8221;off&#8221; button_one_text_size__hover_enabled=&#8221;off&#8221; button_two_text_size__hover_enabled=&#8221;off&#8221; button_text_color__hover_enabled=&#8221;off&#8221; button_one_text_color__hover_enabled=&#8221;off&#8221; button_two_text_color__hover_enabled=&#8221;off&#8221; button_border_width__hover_enabled=&#8221;off&#8221; button_one_border_width__hover_enabled=&#8221;off&#8221; button_two_border_width__hover_enabled=&#8221;off&#8221; button_border_color__hover_enabled=&#8221;off&#8221; button_one_border_color__hover_enabled=&#8221;off&#8221; button_two_border_color__hover_enabled=&#8221;off&#8221; button_border_radius__hover_enabled=&#8221;off&#8221; button_one_border_radius__hover_enabled=&#8221;off&#8221; button_two_border_radius__hover_enabled=&#8221;off&#8221; button_letter_spacing__hover_enabled=&#8221;off&#8221; button_one_letter_spacing__hover_enabled=&#8221;off&#8221; button_two_letter_spacing__hover_enabled=&#8221;off&#8221; button_bg_color__hover_enabled=&#8221;off&#8221; button_one_bg_color__hover_enabled=&#8221;off&#8221; button_two_bg_color__hover_enabled=&#8221;off&#8221;]<\/p>\n<p>&nbsp;<\/p>\n<p><img decoding=\"async\" loading=\"lazy\" src=\"https:\/\/puertasdetierra.cadiz.es\/wp-content\/uploads\/2022\/01\/base-300x52.png\" width=\"300\" height=\"52\" alt=\"\" class=\"wp-image-73 alignnone size-medium\" \/><\/p>\n<p>[\/et_pb_cta][\/et_pb_column][\/et_pb_row][\/et_pb_section]<\/p>\n","protected":false},"excerpt":{"rendered":"<p>[et_pb_section fb_built=&#8221;1&#8243; fullwidth=&#8221;on&#8221; _builder_version=&#8221;4.6.6&#8243; background_color=&#8221;#db9429&#8243; background_color_gradient_direction=&#8221;330deg&#8221;][et_pb_fullwidth_image src=&#8221;https:\/\/puertasdetierra.cadiz.es\/wp-content\/uploads\/2022\/01\/logomoderna1.png&#8221; title_text=&#8221;logomoderna1&#8243; _builder_version=&#8221;4.6.6&#8243; _module_preset=&#8221;default&#8221;][\/et_pb_fullwidth_image][et_pb_fullwidth_header title=&#8221;\u00c9poca Moderna (s. XVI-XVII) &#8221; content_max_width=&#8221;none&#8221; _builder_version=&#8221;4.6.6&#8243; background_color=&#8221;rgba(255, 255, 255, 0)&#8221; button_one_text_size__hover_enabled=&#8221;off&#8221; button_two_text_size__hover_enabled=&#8221;off&#8221; button_one_text_color__hover_enabled=&#8221;off&#8221; button_two_text_color__hover_enabled=&#8221;off&#8221; button_one_border_width__hover_enabled=&#8221;off&#8221; button_two_border_width__hover_enabled=&#8221;off&#8221; button_one_border_color__hover_enabled=&#8221;off&#8221; button_two_border_color__hover_enabled=&#8221;off&#8221; button_one_border_radius__hover_enabled=&#8221;off&#8221; button_two_border_radius__hover_enabled=&#8221;off&#8221; button_one_letter_spacing__hover_enabled=&#8221;off&#8221; button_two_letter_spacing__hover_enabled=&#8221;off&#8221; button_one_bg_color__hover_enabled=&#8221;off&#8221; button_two_bg_color__hover_enabled=&#8221;off&#8221;][\/et_pb_fullwidth_header][\/et_pb_section][et_pb_section fb_built=&#8221;1&#8243; _builder_version=&#8221;3.22&#8243; custom_padding=&#8221;||0px|||&#8221;][et_pb_row _builder_version=&#8221;4.6.6&#8243; _module_preset=&#8221;default&#8221;][et_pb_column type=&#8221;4_4&#8243; _builder_version=&#8221;4.6.6&#8243; _module_preset=&#8221;default&#8221;][et_pb_menu _builder_version=&#8221;4.6.6&#8243; _module_preset=&#8221;default&#8221;][\/et_pb_menu][\/et_pb_column][\/et_pb_row][et_pb_row column_structure=&#8221;1_3,1_3,1_3&#8243; _builder_version=&#8221;4.6.6&#8243; _module_preset=&#8221;default&#8221;][et_pb_column type=&#8221;1_3&#8243; _builder_version=&#8221;4.6.6&#8243; _module_preset=&#8221;default&#8221;][et_pb_blurb title=&#8221;Patrimonio militar&#8221; image=&#8221;https:\/\/puertasdetierra.cadiz.es\/wp-content\/uploads\/2022\/01\/icon-military.png&#8221; image_max_width=&#8221;45%&#8221; [&hellip;]<\/p>\n","protected":false},"author":1,"featured_media":0,"parent":0,"menu_order":0,"comment_status":"closed","ping_status":"closed","template":"page-template-blank.php","meta":{"_et_pb_use_builder":"on","_et_pb_old_content":"","_et_gb_content_width":""},"_links":{"self":[{"href":"https:\/\/puertasdetierra.cadiz.es\/index.php\/wp-json\/wp\/v2\/pages\/171"}],"collection":[{"href":"https:\/\/puertasdetierra.cadiz.es\/index.php\/wp-json\/wp\/v2\/pages"}],"about":[{"href":"https:\/\/puertasdetierra.cadiz.es\/index.php\/wp-json\/wp\/v2\/types\/page"}],"author":[{"embeddable":true,"href":"https:\/\/puertasdetierra.cadiz.es\/index.php\/wp-json\/wp\/v2\/users\/1"}],"replies":[{"embeddable":true,"href":"https:\/\/puertasdetierra.cadiz.es\/index.php\/wp-json\/wp\/v2\/comments?post=171"}],"version-history":[{"count":4,"href":"https:\/\/puertasdetierra.cadiz.es\/index.php\/wp-json\/wp\/v2\/pages\/171\/revisions"}],"predecessor-version":[{"id":202,"href":"https:\/\/puertasdetierra.cadiz.es\/index.php\/wp-json\/wp\/v2\/pages\/171\/revisions\/202"}],"wp:attachment":[{"href":"https:\/\/puertasdetierra.cadiz.es\/index.php\/wp-json\/wp\/v2\/media?parent=171"}],"curies":[{"name":"wp","href":"https:\/\/api.w.org\/{rel}","templated":true}]}}