{"id":248,"date":"2022-03-21T01:00:13","date_gmt":"2022-03-21T00:00:13","guid":{"rendered":"https:\/\/puertasdetierra.cadiz.es\/?page_id=248"},"modified":"2022-03-22T00:03:09","modified_gmt":"2022-03-21T23:03:09","slug":"contemporary-age-19th-century","status":"publish","type":"page","link":"https:\/\/puertasdetierra.cadiz.es\/index.php\/en\/contemporary-age-19th-century\/","title":{"rendered":"Contemporary age (19th century)"},"content":{"rendered":"<p>[et_pb_section fb_built=&#8221;1&#8243; fullwidth=&#8221;on&#8221; _builder_version=&#8221;4.6.6&#8243; background_color=&#8221;#018289&#8243; background_color_gradient_direction=&#8221;330deg&#8221;][et_pb_fullwidth_image src=&#8221;https:\/\/puertasdetierra.cadiz.es\/wp-content\/uploads\/2022\/01\/logocontemp.png&#8221; title_text=&#8221;logocontemp&#8221; _builder_version=&#8221;4.6.6&#8243; _module_preset=&#8221;default&#8221;][\/et_pb_fullwidth_image][et_pb_fullwidth_header title=&#8221;Contemporary age\u00a0 (19th century)&#8221; content_max_width=&#8221;none&#8221; _builder_version=&#8221;4.6.6&#8243; background_color=&#8221;rgba(255, 255, 255, 0)&#8221; button_one_text_size__hover_enabled=&#8221;off&#8221; button_two_text_size__hover_enabled=&#8221;off&#8221; button_one_text_color__hover_enabled=&#8221;off&#8221; button_two_text_color__hover_enabled=&#8221;off&#8221; button_one_border_width__hover_enabled=&#8221;off&#8221; button_two_border_width__hover_enabled=&#8221;off&#8221; button_one_border_color__hover_enabled=&#8221;off&#8221; button_two_border_color__hover_enabled=&#8221;off&#8221; button_one_border_radius__hover_enabled=&#8221;off&#8221; button_two_border_radius__hover_enabled=&#8221;off&#8221; button_one_letter_spacing__hover_enabled=&#8221;off&#8221; button_two_letter_spacing__hover_enabled=&#8221;off&#8221; button_one_bg_color__hover_enabled=&#8221;off&#8221; button_two_bg_color__hover_enabled=&#8221;off&#8221;][\/et_pb_fullwidth_header][\/et_pb_section][et_pb_section fb_built=&#8221;1&#8243; _builder_version=&#8221;3.22&#8243; custom_padding=&#8221;||0px|||&#8221;][et_pb_row _builder_version=&#8221;4.6.6&#8243; _module_preset=&#8221;default&#8221;][et_pb_column type=&#8221;4_4&#8243; _builder_version=&#8221;4.6.6&#8243; _module_preset=&#8221;default&#8221;][et_pb_menu _builder_version=&#8221;4.6.6&#8243; _module_preset=&#8221;default&#8221;][\/et_pb_menu][\/et_pb_column][\/et_pb_row][et_pb_row column_structure=&#8221;1_3,1_3,1_3&#8243; _builder_version=&#8221;4.6.6&#8243; _module_preset=&#8221;default&#8221;][et_pb_column type=&#8221;1_3&#8243; _builder_version=&#8221;4.6.6&#8243; _module_preset=&#8221;default&#8221;][et_pb_blurb title=&#8221;Military heritage&#8221; image=&#8221;https:\/\/puertasdetierra.cadiz.es\/wp-content\/uploads\/2022\/01\/icon-military.png&#8221; image_max_width=&#8221;45%&#8221; _builder_version=&#8221;4.6.6&#8243; _module_preset=&#8221;default&#8221; header_level=&#8221;h2&#8243; header_text_align=&#8221;center&#8221; body_text_align=&#8221;center&#8221; body_font_size=&#8221;16px&#8221; text_orientation=&#8221;center&#8221;]<\/p>\n<p style=\"text-align: center;\">With the defenses consolidated, military engineering focused on the area outside the walls and specifically on the isthmus that joins the city with San Fernando to project defensive systems.<\/p>\n<p>[\/et_pb_blurb][\/et_pb_column][et_pb_column type=&#8221;1_3&#8243; _builder_version=&#8221;4.6.6&#8243; _module_preset=&#8221;default&#8221;][et_pb_blurb title=&#8221;Maritime heritage&#8221; image=&#8221;https:\/\/puertasdetierra.cadiz.es\/wp-content\/uploads\/2022\/01\/icon-barco.png&#8221; image_max_width=&#8221;35%&#8221; _builder_version=&#8221;4.6.6&#8243; _module_preset=&#8221;default&#8221; header_level=&#8221;h2&#8243; header_text_align=&#8221;center&#8221; body_text_align=&#8221;center&#8221; body_font_size=&#8221;16px&#8221; text_orientation=&#8221;center&#8221; custom_padding=&#8221;||0px|||&#8221;]<\/p>\n<p><span style=\"font-size: 16px;\">The port of C\u00e1diz continued with the same image until the middle of the century, with a small riverside quay attached to the walls and the Capitan\u00eda quay protected by the bastion of San Felipe. <\/span><\/p>\n<p>[\/et_pb_blurb][\/et_pb_column][et_pb_column type=&#8221;1_3&#8243; _builder_version=&#8221;4.6.6&#8243; _module_preset=&#8221;default&#8221;][et_pb_blurb title=&#8221;Industrial heritage&#8221; image=&#8221;https:\/\/puertasdetierra.cadiz.es\/wp-content\/uploads\/2022\/01\/icon-industrial.png&#8221; image_max_width=&#8221;52%&#8221; _builder_version=&#8221;4.6.6&#8243; _module_preset=&#8221;default&#8221; header_level=&#8221;h2&#8243; header_text_align=&#8221;center&#8221; body_text_align=&#8221;center&#8221; body_font_size=&#8221;16px&#8221; text_orientation=&#8221;center&#8221;]<\/p>\n<p style=\"text-align: center;\">The main areas of orchards were no longer located within the walled city, since practically all that space was urbanized, so the area outside the walls took over the witness of this economic activity.<\/p>\n<p>[\/et_pb_blurb][\/et_pb_column][\/et_pb_row][\/et_pb_section][et_pb_section fb_built=&#8221;1&#8243; _builder_version=&#8221;3.22&#8243; custom_padding=&#8221;0px||0px|||&#8221;][et_pb_row _builder_version=&#8221;3.25&#8243; background_size=&#8221;initial&#8221; background_position=&#8221;top_left&#8221; background_repeat=&#8221;repeat&#8221;][et_pb_column type=&#8221;4_4&#8243; _builder_version=&#8221;3.25&#8243; custom_padding=&#8221;|||&#8221; custom_padding__hover=&#8221;|||&#8221;][et_pb_image src=&#8221;https:\/\/puertasdetierra.cadiz.es\/wp-content\/uploads\/2022\/01\/planocontem1.png&#8221; title_text=&#8221;planocontem1&#8243; force_fullwidth=&#8221;on&#8221; _builder_version=&#8221;4.6.6&#8243; _module_preset=&#8221;default&#8221;][\/et_pb_image][\/et_pb_column][\/et_pb_row][\/et_pb_section][et_pb_section fb_built=&#8221;1&#8243; _builder_version=&#8221;3.22&#8243; custom_padding=&#8221;0px|||||&#8221;][et_pb_row _builder_version=&#8221;3.25&#8243; background_size=&#8221;initial&#8221; background_position=&#8221;top_left&#8221; background_repeat=&#8221;repeat&#8221;][et_pb_column type=&#8221;4_4&#8243; _builder_version=&#8221;3.25&#8243; custom_padding=&#8221;|||&#8221; custom_padding__hover=&#8221;|||&#8221;][et_pb_text _builder_version=&#8221;4.6.6&#8243; background_size=&#8221;initial&#8221; background_position=&#8221;top_left&#8221; background_repeat=&#8221;repeat&#8221; text_orientation=&#8221;center&#8221; module_alignment=&#8221;center&#8221; hover_enabled=&#8221;0&#8243; sticky_enabled=&#8221;0&#8243;]<\/p>\n<h1>The constitutional capital of Spain<\/h1>\n<p>[\/et_pb_text][\/et_pb_column][\/et_pb_row][et_pb_row _builder_version=&#8221;4.6.6&#8243; _module_preset=&#8221;default&#8221;][et_pb_column type=&#8221;4_4&#8243; _builder_version=&#8221;4.6.6&#8243; _module_preset=&#8221;default&#8221;][et_pb_text _builder_version=&#8221;4.6.6&#8243; _module_preset=&#8221;default&#8221;]<\/p>\n<p><img decoding=\"async\" loading=\"lazy\" src=\"https:\/\/puertasdetierra.cadiz.es\/wp-content\/uploads\/2022\/01\/contemp1-300x166.png\" width=\"300\" height=\"166\" alt=\"\" class=\"wp-image-129 alignnone size-medium\" style=\"display: block; margin-left: auto; margin-right: auto;\" \/><\/p>\n<p>The War of Independence (1808-1814) had a decisive effect on C\u00e1diz, since it became the only redoubt that was not occupied by the French and led to the first properly Spanish constitution, the C\u00e1diz Constitution, known as the Pepa, was approved on March 19, 1812 in the city.<\/p>\n<p>It was the response of the Spanish people to the invading intentions of Napoleon Bonaparte. The response of the citizens led to a more radical reform and the Regency convened a meeting of the Cortes on the island of Le\u00f3n on September 24, 1810. It combined the traditional laws of the Spanish Monarchy and incorporated principles of democratic liberalism such as national sovereignty and the separation of powers.<\/p>\n<p>The sovereignty, full and supreme power of the State, which until then had corresponded to the King, now passes to the Nation, as a supreme entity and distinct from the individuals that comprise it, represented by the deputies, without estates or imperative mandate. The separation of powers followed the model of the French constitution of 1791 and that of the United States, which prevented the birth of the parliamentary regime in Spain.<\/p>\n<p>It had an ephemeral validity, Fernando VII repealed it on his return to Spain in 1814, implanting absolutism for six years. After Riego&#8217;s pronouncement in 1820, the King was forced to swear to the Constitution of 1812, thus beginning the liberal Triennium. With this, the validity of the Cadiz Constitution ended, but not its in\ufb02uence, which weighed on national politics until 1868 and during the rest of the liberal cycle.<\/p>\n<p>During the 19th century, hardly any major works were carried out in the city except for the opening of spaces within the intramural area. The typical farmhouse of C\u00e1diz was formed in the 18th century under the patterns of urban neoclassicism, the influence of a late baroque and the need to raise the buildings to alleviate the lack of space.<\/p>\n<p><span><img decoding=\"async\" loading=\"lazy\" src=\"https:\/\/puertasdetierra.cadiz.es\/wp-content\/uploads\/2022\/01\/contemp3-300x200.png\" width=\"300\" height=\"200\" alt=\"\" class=\"wp-image-127 alignnone size-medium\" style=\"display: block; margin-left: auto; margin-right: auto;\" \/><\/span><\/p>\n<p>The division of neighborhoods in the 19th century was practically the same since the beginning of the century. The city was divided into 18 intramural neighborhoods that included La Merced and Santa Mar\u00eda, San Roque and Boquete, Santiago, Ave Mar\u00eda, Nuevo de Santa Cruz, Capuchinos, San Lorenzo, La Vi\u00f1a, Nuevo Mundo, Cruz de la Verdad, Cuna, San Felipe Neri, El Pilar, Angustias and San Carlos, Rosario, Candelaria, San Antonio and Bendici\u00f3n de Dios and the neighborhood of San Jos\u00e9 outside the walls.<\/p>\n<p>In 1822 an administrative reform was carried out of an urban structure based on barracks and neighborhoods with a parish allocation, subdivided into blocks and houses in an odd order to the right, correlative and independent in each area and managed by the Provincial Councils and by the Councilors of neighborhood. This division led to the creation of 4 barracks and 12 neighborhoods, not including San Jos\u00e9: Santa Cruz Barracks, Las Escuelas, P\u00f3pulo and Merced neighborhoods; Rosario Barracks, San Carlos, San Francisco and Post Office neighborhoods; San Antonio Barracks, Constituci\u00f3n, H\u00e9rcules and Cortes neighborhoods; and San Lorenzo Barracks, Barrios de la Palma, Hospice and Libertad.<\/p>\n<p>At a later time, around 1830, a new administrative division was introduced to subdivide the space of the city between the Barracks of the Blessing of God, which included the neighborhoods of San Antonio, Cruz de la Verdad and Nuestra Se\u00f1ora de la Bendici\u00f3n de Dios; the San Carlos Barracks with the neighborhood of Nuestra Se\u00f1ora del Pilar, Nuestra Se\u00f1ora de las Angustias, San Carlos, Nuestra Se\u00f1ora del Rosario, de la Cuna and San Felipe; the San Lorenzo Barracks that included the Barrio del Nuevo Mundo and San Lorenzo; the Cuartel de la Candelaria with the neighborhoods of Candelaria, Santiago and Ave Mar\u00eda; and the Santa Mar\u00eda Barracks with San Roque and Boquete and Santa Mar\u00eda and La Merced.<\/p>\n<p><img decoding=\"async\" loading=\"lazy\" src=\"https:\/\/puertasdetierra.cadiz.es\/wp-content\/uploads\/2022\/01\/contemp2-300x214.png\" width=\"300\" height=\"214\" alt=\"\" class=\"wp-image-128 alignnone size-medium\" style=\"display: block; margin-left: auto; margin-right: auto;\" \/><\/p>\n<p>Starting in 1849, the neighborhood of San Carlos was unified with that of San Francisco and in 1869 the neighborhood outside the walls of San Jos\u00e9 came to be considered as a district of the city. The last reforms at the end of the century concern the subdivision of some neighborhoods such as La Merced, Santa Mar\u00eda, Hospicio, El Bal\u00f3n, La Palma, San Lorenzo, San Jos\u00e9 and San Severiano.<\/p>\n<p>The height of the buildings was the subject of continuous surveillance by the authorities who, since the 18th century, imposed the norm of limiting the height to 20 yards, not including the lookout towers, when a new building was projected.<\/p>\n<p>In addition, there was also an impact on the construction of a water collection system that from the pipes that came from the roofs communicated directly with the cisterns that served to supply the neighborhood with water.<\/p>\n<p>The buildings were built in oyster stone in most cases, completed by masonry, wood for the ceilings and wrought iron for the exterior openings. The houses that belonged to the commercial bourgeoisie were completed with a decoration based on marble, plaster and paintings both on the exterior faces of the buildings and in the internal rooms.<\/p>\n<p>In this stage, three types of houses were built: the one known as &#8220;main&#8221; under the commercial bourgeois pattern that brought together in its space the dependencies destined for the warehouse on the ground floors, the offices on the first floors, the dwelling on the upper floors. and those of the service that occupied the highest floors without counting the lookout tower; the other type of dwelling was called \u201cthe one with bodies\u201d in which the floors were not differentiated but the dwellings were independent; and lastly, the tenement houses that were built for the lower classes of the city with much smaller divisions that on some occasions resulted from a subdivision of an older building.<\/p>\n<p>However, in the middle of the 19th century, a novel, very ornamental decorative style was generated, according to the tastes of the bourgeoisie, which is called \u201cElizabethan\u201d because it coincides chronologically with the stage of influence of the reign of Elizabeth II.<\/p>\n<p>Among the most outstanding urban interventions of this century in C\u00e1diz, the culmination of the dome and the sacristy of the Cathedral, the Public Market of the Plaza de la Libertad, the reform of the Plaza de Espoz y Mina and the Academy of Fine Arts (Callej\u00f3n del Tinte) for the disentailment of the Franciscan Convent and the Bullring by Juan Daura. On the other hand, the Arco del P\u00f3pulo was reformed, the Town Hall was enlarged, the Teatro Circo Gaditano was built, the Gran Teatro was built -later Gran Teatro Falla- and again a Bullring was erected due to a collapse under the orders of Garcia del Alamo.<\/p>\n<p>To these urban works must be added the Paseo de la Alameda de Manuel Bayo, the extensions of the Plaza del Mentidero and the Plaza de la Catedral, the cobbled, paved and paved streets and sidewalks, the Parque Genov\u00e9s and the construction of a ring road through the intramural area.<\/p>\n<p>It should be noted that the headquarters of the Municipal Center of Flamenco Art &#8220;La Merced&#8221; used plans from 1895 by the architect Ei\ufb00el originally designed for the structure of the old Genov\u00e9s Park Theater, in order to modernize the aesthetics with iron architecture.<\/p>\n<p style=\"text-align: center;\"><img decoding=\"async\" loading=\"lazy\" src=\"https:\/\/puertasdetierra.cadiz.es\/wp-content\/uploads\/2022\/01\/contemp4-300x187.png\" width=\"300\" height=\"187\" alt=\"\" class=\"wp-image-126 alignnone size-medium\" \/><\/p>\n<p>[\/et_pb_text][\/et_pb_column][\/et_pb_row][\/et_pb_section][et_pb_section fb_built=&#8221;1&#8243; inner_shadow=&#8221;on&#8221; _builder_version=&#8221;3.22&#8243; background_color=&#8221;#2ea3f2&#8243; use_background_color_gradient=&#8221;on&#8221; background_color_gradient_start=&#8221;#2ea3f2&#8243; background_color_gradient_end=&#8221;#2e6df4&#8243; background_color_gradient_direction=&#8221;330deg&#8221;][et_pb_row _builder_version=&#8221;3.25&#8243; background_size=&#8221;initial&#8221; background_position=&#8221;top_left&#8221; background_repeat=&#8221;repeat&#8221;][et_pb_column type=&#8221;4_4&#8243; _builder_version=&#8221;3.25&#8243; custom_padding=&#8221;|||&#8221; custom_padding__hover=&#8221;|||&#8221;][et_pb_cta title=&#8221;Evolution of the city of C\u00e1diz through its military, maritime and industrial heritage (MMI)&#8221; button_url=&#8221;#&#8221; _builder_version=&#8221;4.6.6&#8243; use_background_color=&#8221;off&#8221; background_size=&#8221;initial&#8221; background_position=&#8221;top_left&#8221; background_repeat=&#8221;repeat&#8221; hover_enabled=&#8221;0&#8243; button_text_size__hover_enabled=&#8221;off&#8221; button_one_text_size__hover_enabled=&#8221;off&#8221; button_two_text_size__hover_enabled=&#8221;off&#8221; button_text_color__hover_enabled=&#8221;off&#8221; button_one_text_color__hover_enabled=&#8221;off&#8221; button_two_text_color__hover_enabled=&#8221;off&#8221; button_border_width__hover_enabled=&#8221;off&#8221; button_one_border_width__hover_enabled=&#8221;off&#8221; button_two_border_width__hover_enabled=&#8221;off&#8221; button_border_color__hover_enabled=&#8221;off&#8221; button_one_border_color__hover_enabled=&#8221;off&#8221; button_two_border_color__hover_enabled=&#8221;off&#8221; button_border_radius__hover_enabled=&#8221;off&#8221; button_one_border_radius__hover_enabled=&#8221;off&#8221; button_two_border_radius__hover_enabled=&#8221;off&#8221; button_letter_spacing__hover_enabled=&#8221;off&#8221; button_one_letter_spacing__hover_enabled=&#8221;off&#8221; button_two_letter_spacing__hover_enabled=&#8221;off&#8221; button_bg_color__hover_enabled=&#8221;off&#8221; button_one_bg_color__hover_enabled=&#8221;off&#8221; button_two_bg_color__hover_enabled=&#8221;off&#8221; sticky_enabled=&#8221;0&#8243;]<\/p>\n<p>&nbsp;<\/p>\n<p><img decoding=\"async\" loading=\"lazy\" src=\"https:\/\/puertasdetierra.cadiz.es\/wp-content\/uploads\/2022\/01\/base-300x52.png\" width=\"300\" height=\"52\" alt=\"\" class=\"wp-image-73 alignnone size-medium\" \/><\/p>\n<p>[\/et_pb_cta][\/et_pb_column][\/et_pb_row][\/et_pb_section]<\/p>\n","protected":false},"excerpt":{"rendered":"<p>[et_pb_section fb_built=&#8221;1&#8243; fullwidth=&#8221;on&#8221; _builder_version=&#8221;4.6.6&#8243; background_color=&#8221;#018289&#8243; background_color_gradient_direction=&#8221;330deg&#8221;][et_pb_fullwidth_image src=&#8221;https:\/\/puertasdetierra.cadiz.es\/wp-content\/uploads\/2022\/01\/logocontemp.png&#8221; title_text=&#8221;logocontemp&#8221; _builder_version=&#8221;4.6.6&#8243; _module_preset=&#8221;default&#8221;][\/et_pb_fullwidth_image][et_pb_fullwidth_header title=&#8221;Contemporary age\u00a0 (19th century)&#8221; content_max_width=&#8221;none&#8221; _builder_version=&#8221;4.6.6&#8243; background_color=&#8221;rgba(255, 255, 255, 0)&#8221; button_one_text_size__hover_enabled=&#8221;off&#8221; button_two_text_size__hover_enabled=&#8221;off&#8221; button_one_text_color__hover_enabled=&#8221;off&#8221; button_two_text_color__hover_enabled=&#8221;off&#8221; button_one_border_width__hover_enabled=&#8221;off&#8221; button_two_border_width__hover_enabled=&#8221;off&#8221; button_one_border_color__hover_enabled=&#8221;off&#8221; button_two_border_color__hover_enabled=&#8221;off&#8221; button_one_border_radius__hover_enabled=&#8221;off&#8221; button_two_border_radius__hover_enabled=&#8221;off&#8221; button_one_letter_spacing__hover_enabled=&#8221;off&#8221; button_two_letter_spacing__hover_enabled=&#8221;off&#8221; button_one_bg_color__hover_enabled=&#8221;off&#8221; button_two_bg_color__hover_enabled=&#8221;off&#8221;][\/et_pb_fullwidth_header][\/et_pb_section][et_pb_section fb_built=&#8221;1&#8243; _builder_version=&#8221;3.22&#8243; custom_padding=&#8221;||0px|||&#8221;][et_pb_row _builder_version=&#8221;4.6.6&#8243; _module_preset=&#8221;default&#8221;][et_pb_column type=&#8221;4_4&#8243; _builder_version=&#8221;4.6.6&#8243; _module_preset=&#8221;default&#8221;][et_pb_menu _builder_version=&#8221;4.6.6&#8243; _module_preset=&#8221;default&#8221;][\/et_pb_menu][\/et_pb_column][\/et_pb_row][et_pb_row column_structure=&#8221;1_3,1_3,1_3&#8243; _builder_version=&#8221;4.6.6&#8243; _module_preset=&#8221;default&#8221;][et_pb_column type=&#8221;1_3&#8243; _builder_version=&#8221;4.6.6&#8243; _module_preset=&#8221;default&#8221;][et_pb_blurb title=&#8221;Military heritage&#8221; image=&#8221;https:\/\/puertasdetierra.cadiz.es\/wp-content\/uploads\/2022\/01\/icon-military.png&#8221; image_max_width=&#8221;45%&#8221; _builder_version=&#8221;4.6.6&#8243; [&hellip;]<\/p>\n","protected":false},"author":1,"featured_media":0,"parent":0,"menu_order":0,"comment_status":"closed","ping_status":"closed","template":"page-template-blank.php","meta":{"_et_pb_use_builder":"on","_et_pb_old_content":"","_et_gb_content_width":""},"_links":{"self":[{"href":"https:\/\/puertasdetierra.cadiz.es\/index.php\/wp-json\/wp\/v2\/pages\/248"}],"collection":[{"href":"https:\/\/puertasdetierra.cadiz.es\/index.php\/wp-json\/wp\/v2\/pages"}],"about":[{"href":"https:\/\/puertasdetierra.cadiz.es\/index.php\/wp-json\/wp\/v2\/types\/page"}],"author":[{"embeddable":true,"href":"https:\/\/puertasdetierra.cadiz.es\/index.php\/wp-json\/wp\/v2\/users\/1"}],"replies":[{"embeddable":true,"href":"https:\/\/puertasdetierra.cadiz.es\/index.php\/wp-json\/wp\/v2\/comments?post=248"}],"version-history":[{"count":2,"href":"https:\/\/puertasdetierra.cadiz.es\/index.php\/wp-json\/wp\/v2\/pages\/248\/revisions"}],"predecessor-version":[{"id":279,"href":"https:\/\/puertasdetierra.cadiz.es\/index.php\/wp-json\/wp\/v2\/pages\/248\/revisions\/279"}],"wp:attachment":[{"href":"https:\/\/puertasdetierra.cadiz.es\/index.php\/wp-json\/wp\/v2\/media?parent=248"}],"curies":[{"name":"wp","href":"https:\/\/api.w.org\/{rel}","templated":true}]}}