{"id":25,"date":"2022-01-20T18:50:50","date_gmt":"2022-01-20T17:50:50","guid":{"rendered":"https:\/\/puertasdetierra.cadiz.es\/?page_id=25"},"modified":"2022-02-23T00:12:04","modified_gmt":"2022-02-22T23:12:04","slug":"antiguedad","status":"publish","type":"page","link":"https:\/\/puertasdetierra.cadiz.es\/index.php\/antiguedad\/","title":{"rendered":"Antig\u00fcedad"},"content":{"rendered":"<p>[et_pb_section fb_built=&#8221;1&#8243; fullwidth=&#8221;on&#8221; _builder_version=&#8221;4.6.6&#8243; background_color=&#8221;#87195b&#8221; background_color_gradient_direction=&#8221;330deg&#8221;][et_pb_fullwidth_image src=&#8221;https:\/\/puertasdetierra.cadiz.es\/wp-content\/uploads\/2022\/01\/logo-antig.png&#8221; title_text=&#8221;logo antig&#8221; _builder_version=&#8221;4.6.6&#8243; _module_preset=&#8221;default&#8221;][\/et_pb_fullwidth_image][et_pb_fullwidth_header title=&#8221;Antig\u00fcedad&#8221; content_max_width=&#8221;none&#8221; _builder_version=&#8221;4.6.6&#8243; background_color=&#8221;rgba(255, 255, 255, 0)&#8221; button_one_text_size__hover_enabled=&#8221;off&#8221; button_two_text_size__hover_enabled=&#8221;off&#8221; button_one_text_color__hover_enabled=&#8221;off&#8221; button_two_text_color__hover_enabled=&#8221;off&#8221; button_one_border_width__hover_enabled=&#8221;off&#8221; button_two_border_width__hover_enabled=&#8221;off&#8221; button_one_border_color__hover_enabled=&#8221;off&#8221; button_two_border_color__hover_enabled=&#8221;off&#8221; button_one_border_radius__hover_enabled=&#8221;off&#8221; button_two_border_radius__hover_enabled=&#8221;off&#8221; button_one_letter_spacing__hover_enabled=&#8221;off&#8221; button_two_letter_spacing__hover_enabled=&#8221;off&#8221; button_one_bg_color__hover_enabled=&#8221;off&#8221; button_two_bg_color__hover_enabled=&#8221;off&#8221;][\/et_pb_fullwidth_header][\/et_pb_section][et_pb_section fb_built=&#8221;1&#8243; _builder_version=&#8221;3.22&#8243; custom_padding=&#8221;||0px|||&#8221;][et_pb_row _builder_version=&#8221;4.6.6&#8243; _module_preset=&#8221;default&#8221;][et_pb_column type=&#8221;4_4&#8243; _builder_version=&#8221;4.6.6&#8243; _module_preset=&#8221;default&#8221;][et_pb_menu _builder_version=&#8221;4.6.6&#8243; _module_preset=&#8221;default&#8221;][\/et_pb_menu][\/et_pb_column][\/et_pb_row][et_pb_row column_structure=&#8221;1_3,1_3,1_3&#8243; _builder_version=&#8221;4.6.6&#8243; _module_preset=&#8221;default&#8221;][et_pb_column type=&#8221;1_3&#8243; _builder_version=&#8221;4.6.6&#8243; _module_preset=&#8221;default&#8221;][et_pb_blurb title=&#8221;Patrimonio militar&#8221; image=&#8221;https:\/\/puertasdetierra.cadiz.es\/wp-content\/uploads\/2022\/01\/icon-military.png&#8221; image_max_width=&#8221;45%&#8221; _builder_version=&#8221;4.6.6&#8243; _module_preset=&#8221;default&#8221; header_level=&#8221;h2&#8243; header_text_align=&#8221;center&#8221; body_text_align=&#8221;center&#8221; body_font_size=&#8221;16px&#8221; text_orientation=&#8221;center&#8221;]<\/p>\n<p style=\"text-align: center;\">El nombre de C\u00e1diz procede de la traducci\u00f3n y reinterpretaci\u00f3n del top\u00f3nimo fenicio Gadir, que viene a resultar \u201cciudad amurallada o recinto amurallado\u201d.<\/p>\n<p>[\/et_pb_blurb][\/et_pb_column][et_pb_column type=&#8221;1_3&#8243; _builder_version=&#8221;4.6.6&#8243; _module_preset=&#8221;default&#8221;][et_pb_blurb title=&#8221;Patrimonio mar\u00edtimo&#8221; image=&#8221;https:\/\/puertasdetierra.cadiz.es\/wp-content\/uploads\/2022\/01\/icon-barco.png&#8221; image_max_width=&#8221;35%&#8221; _builder_version=&#8221;4.6.6&#8243; _module_preset=&#8221;default&#8221; header_level=&#8221;h2&#8243; header_text_align=&#8221;center&#8221; body_text_align=&#8221;center&#8221; body_font_size=&#8221;16px&#8221; text_orientation=&#8221;center&#8221; custom_padding=&#8221;||0px|||&#8221;]<\/p>\n<p style=\"text-align: center;\">Los fenicios, grandes navegantes y comerciantes, transformaron la ciudad de Gadir y la dotaron de un puerto y edificios mar\u00edtimos que posteriormente modificaron los romanos.<\/p>\n<p>[\/et_pb_blurb][\/et_pb_column][et_pb_column type=&#8221;1_3&#8243; _builder_version=&#8221;4.6.6&#8243; _module_preset=&#8221;default&#8221;][et_pb_blurb title=&#8221;Patrimonio industrial&#8221; image=&#8221;https:\/\/puertasdetierra.cadiz.es\/wp-content\/uploads\/2022\/01\/icon-industrial.png&#8221; image_max_width=&#8221;52%&#8221; _builder_version=&#8221;4.6.6&#8243; _module_preset=&#8221;default&#8221; header_level=&#8221;h2&#8243; header_text_align=&#8221;center&#8221; body_text_align=&#8221;center&#8221; body_font_size=&#8221;16px&#8221; text_orientation=&#8221;center&#8221;]<\/p>\n<p style=\"text-align: center;\">Fenicios y romanos vieron las posibilidades de C\u00e1diz para desarrollar almadrabas, salazones, centros de alfareros, salinas y otras instalaciones agropecuarias.<\/p>\n<p>[\/et_pb_blurb][\/et_pb_column][\/et_pb_row][\/et_pb_section][et_pb_section fb_built=&#8221;1&#8243; _builder_version=&#8221;3.22&#8243; custom_padding=&#8221;0px||0px|||&#8221;][et_pb_row _builder_version=&#8221;3.25&#8243; background_size=&#8221;initial&#8221; background_position=&#8221;top_left&#8221; background_repeat=&#8221;repeat&#8221;][et_pb_column type=&#8221;4_4&#8243; _builder_version=&#8221;3.25&#8243; custom_padding=&#8221;|||&#8221; custom_padding__hover=&#8221;|||&#8221;][et_pb_image src=&#8221;https:\/\/puertasdetierra.cadiz.es\/wp-content\/uploads\/2022\/01\/plano_antig.png&#8221; title_text=&#8221;plano_antig&#8221; force_fullwidth=&#8221;on&#8221; _builder_version=&#8221;4.6.6&#8243; _module_preset=&#8221;default&#8221;][\/et_pb_image][\/et_pb_column][\/et_pb_row][\/et_pb_section][et_pb_section fb_built=&#8221;1&#8243; _builder_version=&#8221;3.22&#8243; custom_padding=&#8221;0px|||||&#8221;][et_pb_row _builder_version=&#8221;3.25&#8243; background_size=&#8221;initial&#8221; background_position=&#8221;top_left&#8221; background_repeat=&#8221;repeat&#8221;][et_pb_column type=&#8221;4_4&#8243; _builder_version=&#8221;3.25&#8243; custom_padding=&#8221;|||&#8221; custom_padding__hover=&#8221;|||&#8221;][et_pb_text _builder_version=&#8221;4.6.6&#8243; background_size=&#8221;initial&#8221; background_position=&#8221;top_left&#8221; background_repeat=&#8221;repeat&#8221; text_orientation=&#8221;center&#8221; module_alignment=&#8221;center&#8221;]<\/p>\n<h1>La ciudad m\u00e1s antigua de Occidente<\/h1>\n<p>[\/et_pb_text][\/et_pb_column][\/et_pb_row][et_pb_row _builder_version=&#8221;4.6.6&#8243; _module_preset=&#8221;default&#8221;][et_pb_column type=&#8221;4_4&#8243; _builder_version=&#8221;4.6.6&#8243; _module_preset=&#8221;default&#8221;][et_pb_text _builder_version=&#8221;4.6.6&#8243; _module_preset=&#8221;default&#8221;]<\/p>\n<p><img decoding=\"async\" loading=\"lazy\" src=\"https:\/\/puertasdetierra.cadiz.es\/wp-content\/uploads\/2022\/01\/antig_01-300x189.png\" width=\"300\" height=\"189\" alt=\"\" class=\"wp-image-150 alignnone size-medium\" style=\"display: block; margin-left: auto; margin-right: auto;\" \/><\/p>\n<p>En torno al inicio del primer milenio a.n.e. se produjeron los primeros viajes de exploraci\u00f3n de los fenicios de Tiro y la posterior fundaci\u00f3n de una colonia estable. La ubicaci\u00f3n exacta de la misma y su articulaci\u00f3n con el territorio circundante ha sido y sigue siendo uno de los debates cient\u00ed\ufb01cos demayor vigencia debido a quela limitaci\u00f3n de la documentaci\u00f3n arqueol\u00f3gica ha permitido plantear m\u00faltiples propuestas.<span style=\"font-size: 14px;\">\u00a0<\/span><\/p>\n<p>Una de las intervenciones arqueol\u00f3gicas m\u00e1s interesantes realizadas en los \u00faltimos a\u00f1os es la del antiguoTeatro C\u00f3mico conocido actualmente como el yacimiento arqueol\u00f3gico\u00a0<em>Gadir<\/em>. Los resultados de la investigaci\u00f3n, junto a otras intervenciones (C\/Ancha, C\/Marqu\u00e9s del Real Tesoro, C\/C\u00e1novas del Castillo), han con\ufb01rmado el emplazamiento del antiguo <em>Gadir <\/em>en el punto m\u00e1s alto de la isla de <em>Erytheia.<\/em><\/p>\n<p>En la excavaci\u00f3n arqueol\u00f3gica se haconseguido delimitar un total de diez per\u00edodos deocupaci\u00f3n desde el BronceFinal hasta la actualidad,obteni\u00e9ndose una secuenciaestratigr\u00e1\ufb01ca que re\ufb02eja el proceso evolutivo espacial de esta zona de la ciudad. A \ufb01nales del siglo IX a.C., en la orilla meridional de la isla de <em>Erytheia <\/em>y mirando hacia el noroeste, el paisaje de esta zona fue de una formaci\u00f3n de dunas que se elevaba hacia el norte desde lascercan\u00edas de la orilla del canal Bah\u00eda-Caleta similaresa las que hoy d\u00eda\u00a0encontramos en las\u00a0ensenadas de Bolonia.<\/p>\n<p><strong>De la Edad del Bronce a los fenicios<\/strong><\/p>\n<p><strong><span style=\"font-size: 14px;\"><\/span><\/strong><span style=\"font-size: 14px;\">El primer per\u00edodo de ocupaci\u00f3n se corresponde con el Bronce Final\/Fenicio (siglo IX a.n.e., <\/span><em style=\"font-size: 14px;\">ante <\/em><span style=\"font-size: 14px;\">820\/800 a.C.) en el que se documentan una estructura el\u00edptica de ripios de \u201cpiedra ostionera\u201d de mediano tama\u00f1o clavados verticalmente y unidos con arcilla y tres fogatas. Larecuperaci\u00f3n de algunos fragmentos de cer\u00e1mica a torno fenicia con\ufb01rma la presencia de los navegantes fenicios en el archipi\u00e9lago gaditano eneste momento.<\/span><span style=\"font-size: 14px;\">\u00a0<\/span><\/p>\n<p style=\"text-align: center;\"><span style=\"font-size: 14px;\"><img decoding=\"async\" loading=\"lazy\" src=\"https:\/\/puertasdetierra.cadiz.es\/wp-content\/uploads\/2022\/01\/antig4-300x158.png\" width=\"300\" height=\"158\" alt=\"\" class=\"wp-image-146 alignnone size-medium\" \/><\/span><\/p>\n<p><span style=\"font-size: 14px;\">El Per\u00edodo II-Fenicio A (820\/800-760\/750 a.n.e.) es el per\u00edodo m\u00e1s interesante de la excavaci\u00f3n ya que se documentaron tres grandes gruposestructurales en los que se diferencian un total ocho unidades dom\u00e9sticas articuladas en dos calles y las diversas reestructuraciones que implicaron modi\ufb01caciones en las calles hasta llegar a la consolidaci\u00f3n del trazado urbano. Los sistemas constructivos de estas viviendas siguieron los par\u00e1metros de la arquitectura de tierra: el material de construcci\u00f3n era casi todo de origen local y se basaba principalmente en materiales aut\u00f3ctonos como la \u201cpiedra ostionera\u201d, las arcillas (rojas y verdes), la arena de duna y materiales al\u00f3ctonos como la cal y la madera (el 95% setrata de <\/span><em style=\"font-size: 14px;\">Quercus ilex \/coccifera <\/em><span style=\"font-size: 14px;\">encina\/coscoja).<\/span><\/p>\n<p><span style=\"font-size: 14px;\">Los arquitectos fenicios y p\u00fanicos eran expertos en la arquitectura de tierra pues el mismo Plinio el Viejo (<\/span><em style=\"font-size: 14px;\">Nat. Hist<\/em><span style=\"font-size: 14px;\">. XXXV, 48) dedica unas l\u00edneas a la solidez de las torres y atalayas de An\u00edbal levantadas en tierra con tapial (<\/span><em style=\"font-size: 14px;\">terra parietes, quos appellant formaceos)<\/em><span style=\"font-size: 14px;\">. Debido a que los muros de tierra son relativamente d\u00e9biles se utiliz\u00f3 como refuerzo siller\u00eda en las esquinas de fachada, impidiendo de esta forma el deterioro de uno de los puntos m\u00e1s d\u00e9biles de la arquitectura de tierra. Casi todos los pavimentos est\u00e1n realizados con arcilla apisonada mezclando la arcilla roja con la verde.<\/span><span style=\"font-size: 14px;\">\u00a0<\/span><span style=\"font-size: 14px;\">\u00a0<\/span><\/p>\n<p><span style=\"font-size: 14px;\"><img decoding=\"async\" loading=\"lazy\" src=\"https:\/\/puertasdetierra.cadiz.es\/wp-content\/uploads\/2022\/01\/antig3-240x300.png\" width=\"240\" height=\"300\" alt=\"\" class=\"wp-image-147 alignnone size-medium\" style=\"display: block; margin-left: auto; margin-right: auto;\" \/><\/span><\/p>\n<p><span style=\"font-size: 14px;\">Generalizando, estas viviendas siguen un dise\u00f1o estandarizado de planta rectangular compuesta de una sala principal rodeada por el restode las estancias casi todas ellas tambi\u00e9n rectangulares y siendo la cocina de reducidas dimensiones. A excepci\u00f3n de las cocinas y las dependencias del taller de alfarer\u00eda no se pueden adscribir funciones concretas al resto de las estancias aunque se suele relacionar la sala principal con un sal\u00f3n comunitario de uso vers\u00e1til y el resto de las estancias para uso personal.<\/span><span style=\"font-size: 14px;\">\u00a0<\/span><\/p>\n<p>Con posterioridad al Per\u00edodo IV Fenicio C (segundo y tercer cuarto del s. VI a.n.e.) y a los hechos descritos, toda la zona se volvi\u00f3 a reurbanizar y se desmantelaron parcialmente las construcciones abandonadas para volverse a nivelar el terreno para levantar dos nuevos edi\ufb01cios separados por una calle de casi 5 m de anchura y pavimentada con una arcilla algo menos compacta que lade los per\u00edodos anteriores.<\/p>\n<p><strong>La Gades romana<\/strong><span>\u00a0<\/span><\/p>\n<p>La ciudad debi\u00f3 experimentar un considerable auge en \u00e9poca p\u00fanica pues de ella salieron los ej\u00e9rcitos de An\u00edbal camino de Roma y por ella abandonan la pen\u00ednsula los \u00faltimos restos del ej\u00e9rcito cartagin\u00e9s camino de \u00c1frica. C\u00e1diz estuvo siempre muy vinculada a lo p\u00fanico pero en el a\u00f1o 206, cuando la segunda guerra p\u00fanica daba sus \u00faltimos estertores, C\u00e1diz, sitiada por Publio Cornelio Escipi\u00f3n, cambi\u00f3 de bando. Desde entonces se convirti\u00f3 en civitas foederata y en una \ufb01el aliada de Roma, lo que le permiti\u00f3 obtener importantes bene\ufb01cios econ\u00f3micos. Ello propici\u00f3 el a\ufb01anzamiento de una clase pr\u00f3spera, de gentes enriquecidas e in\ufb02uyentes,que adquirieron la ciudadan\u00eda romana yalcanzar\u00edan una gran in\ufb02uencia en la vida de Roma.<span style=\"font-size: 14px;\">\u00a0<\/span><\/p>\n<p style=\"text-align: center;\"><img decoding=\"async\" loading=\"lazy\" src=\"https:\/\/puertasdetierra.cadiz.es\/wp-content\/uploads\/2022\/01\/antig2-300x155.png\" width=\"300\" height=\"155\" alt=\"\" class=\"wp-image-148 alignnone size-medium\" \/><\/p>\n<p>Seg\u00fan Estrab\u00f3n, la ciudad era Didyme, gemela, probablemente porque hab\u00eda dos ciudades, una en cada isla, Eritheia y Kotinoussa, adem\u00e1s deuna tercera, Antipolis, que es posiblemente la isla de Le\u00f3n, actual San Fernando. Albergaba tres templos, el antiguo de Melkart, en la parte m\u00e1smeridional de la isla, seg\u00fan cuenta Estrab\u00f3n reconvertido en templo de H\u00e9rcules, el de Astart\u00e9 dedicado a Venus y el de Cronos, heredero del de Baal Hamm\u00f3n, en la zona del Castillo de San Sebasti\u00e1n.<span style=\"font-size: 14px;\">\u00a0<\/span><span style=\"font-size: 14px;\">\u00a0<\/span><\/p>\n<p>La <em>Gades <\/em>que se hace romana conserva todas estas instalaciones y sigue manteniendo una fuerte impronta p\u00fanica, como recogen tambi\u00e9n algunas fuentes. Pero sin duda los <em>gadiritas <\/em>m\u00e1s famosos de \u00e9poca romana son los Balbos, t\u00edo y sobrino; el mayor, Lucio Cornelio Balbo, comenz\u00f3\u00a0su\u00a0carrera\u00a0vinculado\u00a0a\u00a0Pompeyo\u00a0del\u00a0que\u00a0recibe\u00a0la ciudadan\u00eda romana pero pronto bascula hacia el bando cesariano aunque ejerce un papel de intermediario con su anterior protector e intenta ganar a Cicer\u00f3n para la causa de C\u00e9sar. Desde Julio C\u00e9sar, Gades asisti\u00f3 a un periodo de esplendor impulsado por la pol\u00edtica de los Balbo hacia su urbe de origen y con Augusto esta tendencia se intensi\ufb01c\u00f3 a\u00fan m\u00e1s y pas\u00f3 a ser la \u00fanica entidad ciudadana de la bah\u00eda con categor\u00eda jur\u00eddica.<span style=\"font-size: 14px;\">\u00a0<\/span><span style=\"font-size: 14px;\">\u00a0<\/span><\/p>\n<p>El dise\u00f1o urbano de las ciudades romanas segu\u00eda unas pautas necesarias para el correcto funcionamiento de los servicios p\u00fablicos y militaresy estaba compuesta por una serie de m\u00f3dulos distribuidos ordenadamente -paralelos y equidistantes- y separados por calles. Entre todos forman un conjunto de dise\u00f1o rectangular que est\u00e1 rodeado por una muralla perimetral con torres de vigilancia. Todas las calles son iguales, excepto dos: la que va del norte a al sur &#8211;<em>cardo maximus<\/em>&#8211; y la que va del este al oeste &#8211;<em>decumanus<\/em>-, que son m\u00e1s anchas y que terminan en las \u00fanicas cuatro puertas que tiene la muralla. En el cruce de estas dos calles se ubican el foro de la ciudad y el mercado. Con estos m\u00f3dulos se dise\u00f1an los edi\ufb01cios p\u00fablicos, el an\ufb01teatro, el teatro, el mercado o el conjunto del foro. Sin embargo, el urbanismo de C\u00e1diz en el periodo romano debi\u00f3 ajustarse a la geomorfolog\u00eda insular por lo que fue reducido a un espacio peque\u00f1o dividido en dos islas unidas por un estrecho t\u00f3mbolo arenoso y sin mantener los c\u00e1nones de estructura urbana latina.<\/p>\n<p>La zona residencial de <em>Gades <\/em>se situ\u00f3, seg\u00fan las investigaciones hasta la fecha acaecidas, en las inmediaciones de los actuales barrios de Santa Mar\u00eda y El P\u00f3pulo. Del foro ciudadano no existe ning\u00fan dato concluyente pero unos recientes hallazgos de arquitectura monumentalen la calle Jaboner\u00eda, en el barrio de Santa Mar\u00eda, pueden aportar algo de luz al respecto.<\/p>\n<p><span style=\"font-size: 14px;\">Los espacios p\u00fablicos estuvieron repartidos por las inmediaciones de esas zonas tal y como se constata con los hallazgos de edi\ufb01cios romanos aparentemente p\u00fablicos de la Casa del Obispo junto a la Catedral actual como un posible santuario salut\u00edfero en su planta inferior relacionado con un posible Asklepeion y tambi\u00e9n es importante tambi\u00e9n centrar la discusi\u00f3n sobre el santuario a la Venus Marina localizado tradicionalmente en la Punta del Nao y del cual carecemos de rastro arqueol\u00f3gico alguno por el momento.<\/span><\/p>\n<p>Inicialmente existieron una serie de edi\ufb01cios l\u00fadicos como el teatro y el an\ufb01teatro que gracias un grabado del s. XVI de Wyngaerde podr\u00eda situarse en el entorno de Puerta de Tierra. Ubicado en el actual barrio del P\u00f3pulo y levantado por Lucio Cornelio Balbo el Menor en el siglo I a.n.e., el teatro romano est\u00e1 considerado el m\u00e1s antiguo de la Pen\u00ednsula Ib\u00e9rica y gracias a su di\u00e1metro de 120 metros resulta ser el segundo m\u00e1s grande de Hispania con una capacidad para m\u00e1s de 10.0000 espectadores. Fue descubierto en el a\u00f1o 1980 y a d\u00eda de hoy se ha conseguidodescubrir gran parte del grader\u00edo y la <em>orchestra<\/em>.<\/p>\n<p>Seg\u00fan las investigaciones realizadas en la antigua ciudad romana de <em>Gades <\/em>existe tambi\u00e9n la posibilidad de la existencia de un circo en el \u00e1rea de La Caleta siguiendo un grabado de Hoefnagel y la interpretaci\u00f3n del mismo en el s. XIX como tal por Nicol\u00e1s de la Cruz.<\/p>\n<p>La necr\u00f3polis se situ\u00f3 entre las Puerta de Tierra y aproximadamente la calle Trille al sureste. A pesar de que el uso funerario de este espacio variase a lo largo del tiempo constituye una zona exterior al <em>pomerium <\/em>urbano surcada \u00fanicamente por la <em>Via Augusta <\/em>y por el trazado del<em>Aqua <\/em>Gaditana. Se podr\u00eda plantear que la necr\u00f3polis gaditana era, asimismo, un cementerio \u201cmancomunado\u201d pues su amplitud \u00fanicamente puede ser justi\ufb01cada atendiendo a las necesidades funerarias de la totalidad de su bah\u00eda.<\/p>\n<p>[\/et_pb_text][\/et_pb_column][\/et_pb_row][\/et_pb_section][et_pb_section fb_built=&#8221;1&#8243; inner_shadow=&#8221;on&#8221; _builder_version=&#8221;3.22&#8243; background_color=&#8221;#2ea3f2&#8243; use_background_color_gradient=&#8221;on&#8221; background_color_gradient_start=&#8221;#2ea3f2&#8243; background_color_gradient_end=&#8221;#2e6df4&#8243; background_color_gradient_direction=&#8221;330deg&#8221;][et_pb_row _builder_version=&#8221;3.25&#8243; background_size=&#8221;initial&#8221; background_position=&#8221;top_left&#8221; background_repeat=&#8221;repeat&#8221;][et_pb_column type=&#8221;4_4&#8243; _builder_version=&#8221;3.25&#8243; custom_padding=&#8221;|||&#8221; custom_padding__hover=&#8221;|||&#8221;][et_pb_cta title=&#8221;Evoluci\u00f3n de la ciudad de C\u00e1diz a trav\u00e9s de su patrimonio militar, mar\u00edtimo e industrial (MMI)&#8221; button_url=&#8221;#&#8221; _builder_version=&#8221;4.6.6&#8243; use_background_color=&#8221;off&#8221; background_size=&#8221;initial&#8221; background_position=&#8221;top_left&#8221; background_repeat=&#8221;repeat&#8221; button_text_size__hover_enabled=&#8221;off&#8221; button_one_text_size__hover_enabled=&#8221;off&#8221; button_two_text_size__hover_enabled=&#8221;off&#8221; button_text_color__hover_enabled=&#8221;off&#8221; button_one_text_color__hover_enabled=&#8221;off&#8221; button_two_text_color__hover_enabled=&#8221;off&#8221; button_border_width__hover_enabled=&#8221;off&#8221; button_one_border_width__hover_enabled=&#8221;off&#8221; button_two_border_width__hover_enabled=&#8221;off&#8221; button_border_color__hover_enabled=&#8221;off&#8221; button_one_border_color__hover_enabled=&#8221;off&#8221; button_two_border_color__hover_enabled=&#8221;off&#8221; button_border_radius__hover_enabled=&#8221;off&#8221; button_one_border_radius__hover_enabled=&#8221;off&#8221; button_two_border_radius__hover_enabled=&#8221;off&#8221; button_letter_spacing__hover_enabled=&#8221;off&#8221; button_one_letter_spacing__hover_enabled=&#8221;off&#8221; button_two_letter_spacing__hover_enabled=&#8221;off&#8221; button_bg_color__hover_enabled=&#8221;off&#8221; button_one_bg_color__hover_enabled=&#8221;off&#8221; button_two_bg_color__hover_enabled=&#8221;off&#8221;]<\/p>\n<p>&nbsp;<\/p>\n<p><img decoding=\"async\" loading=\"lazy\" src=\"https:\/\/puertasdetierra.cadiz.es\/wp-content\/uploads\/2022\/01\/base-300x52.png\" width=\"300\" height=\"52\" alt=\"\" class=\"wp-image-73 alignnone size-medium\" \/><\/p>\n<p>[\/et_pb_cta][\/et_pb_column][\/et_pb_row][\/et_pb_section]<\/p>\n","protected":false},"excerpt":{"rendered":"<p>[et_pb_section fb_built=&#8221;1&#8243; fullwidth=&#8221;on&#8221; _builder_version=&#8221;4.6.6&#8243; background_color=&#8221;#87195b&#8221; background_color_gradient_direction=&#8221;330deg&#8221;][et_pb_fullwidth_image src=&#8221;https:\/\/puertasdetierra.cadiz.es\/wp-content\/uploads\/2022\/01\/logo-antig.png&#8221; title_text=&#8221;logo antig&#8221; _builder_version=&#8221;4.6.6&#8243; _module_preset=&#8221;default&#8221;][\/et_pb_fullwidth_image][et_pb_fullwidth_header title=&#8221;Antig\u00fcedad&#8221; content_max_width=&#8221;none&#8221; _builder_version=&#8221;4.6.6&#8243; background_color=&#8221;rgba(255, 255, 255, 0)&#8221; button_one_text_size__hover_enabled=&#8221;off&#8221; button_two_text_size__hover_enabled=&#8221;off&#8221; button_one_text_color__hover_enabled=&#8221;off&#8221; button_two_text_color__hover_enabled=&#8221;off&#8221; button_one_border_width__hover_enabled=&#8221;off&#8221; button_two_border_width__hover_enabled=&#8221;off&#8221; button_one_border_color__hover_enabled=&#8221;off&#8221; button_two_border_color__hover_enabled=&#8221;off&#8221; button_one_border_radius__hover_enabled=&#8221;off&#8221; button_two_border_radius__hover_enabled=&#8221;off&#8221; button_one_letter_spacing__hover_enabled=&#8221;off&#8221; button_two_letter_spacing__hover_enabled=&#8221;off&#8221; button_one_bg_color__hover_enabled=&#8221;off&#8221; button_two_bg_color__hover_enabled=&#8221;off&#8221;][\/et_pb_fullwidth_header][\/et_pb_section][et_pb_section fb_built=&#8221;1&#8243; _builder_version=&#8221;3.22&#8243; custom_padding=&#8221;||0px|||&#8221;][et_pb_row _builder_version=&#8221;4.6.6&#8243; _module_preset=&#8221;default&#8221;][et_pb_column type=&#8221;4_4&#8243; _builder_version=&#8221;4.6.6&#8243; _module_preset=&#8221;default&#8221;][et_pb_menu _builder_version=&#8221;4.6.6&#8243; _module_preset=&#8221;default&#8221;][\/et_pb_menu][\/et_pb_column][\/et_pb_row][et_pb_row column_structure=&#8221;1_3,1_3,1_3&#8243; _builder_version=&#8221;4.6.6&#8243; _module_preset=&#8221;default&#8221;][et_pb_column type=&#8221;1_3&#8243; _builder_version=&#8221;4.6.6&#8243; _module_preset=&#8221;default&#8221;][et_pb_blurb title=&#8221;Patrimonio militar&#8221; image=&#8221;https:\/\/puertasdetierra.cadiz.es\/wp-content\/uploads\/2022\/01\/icon-military.png&#8221; image_max_width=&#8221;45%&#8221; _builder_version=&#8221;4.6.6&#8243; _module_preset=&#8221;default&#8221; header_level=&#8221;h2&#8243; [&hellip;]<\/p>\n","protected":false},"author":1,"featured_media":0,"parent":0,"menu_order":0,"comment_status":"closed","ping_status":"closed","template":"page-template-blank.php","meta":{"_et_pb_use_builder":"on","_et_pb_old_content":"","_et_gb_content_width":""},"_links":{"self":[{"href":"https:\/\/puertasdetierra.cadiz.es\/index.php\/wp-json\/wp\/v2\/pages\/25"}],"collection":[{"href":"https:\/\/puertasdetierra.cadiz.es\/index.php\/wp-json\/wp\/v2\/pages"}],"about":[{"href":"https:\/\/puertasdetierra.cadiz.es\/index.php\/wp-json\/wp\/v2\/types\/page"}],"author":[{"embeddable":true,"href":"https:\/\/puertasdetierra.cadiz.es\/index.php\/wp-json\/wp\/v2\/users\/1"}],"replies":[{"embeddable":true,"href":"https:\/\/puertasdetierra.cadiz.es\/index.php\/wp-json\/wp\/v2\/comments?post=25"}],"version-history":[{"count":22,"href":"https:\/\/puertasdetierra.cadiz.es\/index.php\/wp-json\/wp\/v2\/pages\/25\/revisions"}],"predecessor-version":[{"id":215,"href":"https:\/\/puertasdetierra.cadiz.es\/index.php\/wp-json\/wp\/v2\/pages\/25\/revisions\/215"}],"wp:attachment":[{"href":"https:\/\/puertasdetierra.cadiz.es\/index.php\/wp-json\/wp\/v2\/media?parent=25"}],"curies":[{"name":"wp","href":"https:\/\/api.w.org\/{rel}","templated":true}]}}